{"id":958,"date":"2021-02-18T08:20:42","date_gmt":"2021-02-18T08:20:42","guid":{"rendered":"https:\/\/www.salze.cat\/?post_type=product&#038;p=958"},"modified":"2025-02-21T13:09:34","modified_gmt":"2025-02-21T13:09:34","slug":"portam-amb-tu-attilio-bertolucci","status":"publish","type":"product","link":"https:\/\/www.salze.cat\/en\/product\/portam-amb-tu-attilio-bertolucci\/","title":{"rendered":"Porta\u2019m amb tu \/ Portami con te, d\u2019Attilio Bertolucci"},"content":{"rendered":"<p><strong>En traducci\u00f3 i selecci\u00f3 de Marta Vilardaga i Josep Porcar<\/strong>, <span style=\"color: #688a03;\"><strong>Salze Editorial<\/strong><\/span> presenta en edici\u00f3 biling\u00fce <span style=\"color: #688a03;\"><strong><em>Porta\u2019m amb tu<\/em><\/strong>,<\/span> m\u00e9s de cent poemes de l\u2019obra d\u2019Attilio Bertolucci \u2013amb un t\u00edtol manllevat d\u2019una poesia del seu llibre <em>Viaggio d\u2019Inverno<\/em> (1971)\u2013, primer n\u00famero de la col\u00b7lecci\u00f3 d\u2019aquest segell de traducci\u00f3 de poesia al catal\u00e0. En paraules de Paolo Lagazzi, amic del poeta i estudi\u00f3s de l\u2019obra bertolucciana (<em>Pangea<\/em> 10, 2019): \u00ab\u00c9s un poeta m\u00e0gic, ja que \u00e9s capa\u00e7, com gaireb\u00e9 ning\u00fa, de revelar-nos la realitat quotidiana senzilla com a lloc de bellesa secreta, com a ordit d\u2019alenades i vibracions subtils, com a cos palpitant dels batecs del cor del m\u00f3n\u00bb.<\/p>","protected":false},"excerpt":{"rendered":"<p><span style=\"color: #000000;\">Per primera vegada en catal\u00e0, una de les veus m\u00e9s excepcionals de la poesia italiana i europea de tots els temps.<\/span><\/p>","protected":false},"featured_media":959,"comment_status":"closed","ping_status":"closed","template":"","meta":{"_joinchat":[]},"product_brand":[],"product_cat":[124],"product_tag":[50,48,49],"class_list":{"0":"post-958","1":"product","2":"type-product","3":"status-publish","4":"has-post-thumbnail","6":"product_cat-traduccions","7":"product_tag-attilio-bertolucci","8":"product_tag-llibre","9":"product_tag-poesia","10":"product_shipping_class-ordinari","12":"first","13":"instock","14":"taxable","15":"shipping-taxable","16":"purchasable","17":"product-type-simple"},"yoast_head":"<!-- This site is optimized with the Yoast SEO plugin v27.6 - https:\/\/yoast.com\/product\/yoast-seo-wordpress\/ -->\n<title>Porta\u2019m amb tu \/ Portami con te, d\u2019Attilio Bertolucci : Salze Editorial<\/title>\n<meta name=\"robots\" content=\"index, follow, max-snippet:-1, max-image-preview:large, max-video-preview:-1\" \/>\n<link rel=\"canonical\" href=\"https:\/\/www.salze.cat\/en\/product\/portam-amb-tu-attilio-bertolucci\/\" \/>\n<meta property=\"og:locale\" content=\"en_GB\" \/>\n<meta property=\"og:type\" content=\"article\" \/>\n<meta property=\"og:title\" content=\"Porta\u2019m amb tu \/ Portami con te, d\u2019Attilio Bertolucci : Salze Editorial\" \/>\n<meta property=\"og:description\" content=\"Per primera vegada en catal\u00e0, una de les veus m\u00e9s excepcionals de la poesia italiana i europea de tots els temps.\" \/>\n<meta property=\"og:url\" content=\"https:\/\/www.salze.cat\/en\/product\/portam-amb-tu-attilio-bertolucci\/\" \/>\n<meta property=\"og:site_name\" content=\"Salze Editorial\" \/>\n<meta property=\"article:publisher\" content=\"https:\/\/www.facebook.com\/salzeeditorial\" \/>\n<meta property=\"article:modified_time\" content=\"2025-02-21T13:09:34+00:00\" \/>\n<meta property=\"og:image\" content=\"https:\/\/www.salze.cat\/wp-content\/uploads\/2021\/02\/porta_m_amb_tu_attilio_bertolucci_portada-scaled.jpg\" \/>\n\t<meta property=\"og:image:width\" content=\"1639\" \/>\n\t<meta property=\"og:image:height\" content=\"2560\" \/>\n\t<meta property=\"og:image:type\" content=\"image\/jpeg\" \/>\n<meta name=\"twitter:card\" content=\"summary_large_image\" \/>\n<meta name=\"twitter:site\" content=\"@SalzeEditorial\" \/>\n<meta name=\"twitter:label1\" content=\"Estimated reading time\" \/>\n\t<meta name=\"twitter:data1\" content=\"1 minute\" \/>\n<script type=\"application\/ld+json\" class=\"yoast-schema-graph\">{\"@context\":\"https:\\\/\\\/schema.org\",\"@graph\":[{\"@type\":\"WebPage\",\"@id\":\"https:\\\/\\\/www.salze.cat\\\/producte\\\/portam-amb-tu-attilio-bertolucci\\\/\",\"url\":\"https:\\\/\\\/www.salze.cat\\\/producte\\\/portam-amb-tu-attilio-bertolucci\\\/\",\"name\":\"Porta\u2019m amb tu \\\/ Portami con te, d\u2019Attilio Bertolucci : Salze Editorial\",\"isPartOf\":{\"@id\":\"https:\\\/\\\/www.salze.cat\\\/#website\"},\"primaryImageOfPage\":{\"@id\":\"https:\\\/\\\/www.salze.cat\\\/producte\\\/portam-amb-tu-attilio-bertolucci\\\/#primaryimage\"},\"image\":{\"@id\":\"https:\\\/\\\/www.salze.cat\\\/producte\\\/portam-amb-tu-attilio-bertolucci\\\/#primaryimage\"},\"thumbnailUrl\":\"https:\\\/\\\/www.salze.cat\\\/wp-content\\\/uploads\\\/2021\\\/02\\\/porta_m_amb_tu_attilio_bertolucci_portada-scaled.jpg\",\"datePublished\":\"2021-02-18T08:20:42+00:00\",\"dateModified\":\"2025-02-21T13:09:34+00:00\",\"breadcrumb\":{\"@id\":\"https:\\\/\\\/www.salze.cat\\\/producte\\\/portam-amb-tu-attilio-bertolucci\\\/#breadcrumb\"},\"inLanguage\":\"en-GB\",\"potentialAction\":[{\"@type\":\"ReadAction\",\"target\":[\"https:\\\/\\\/www.salze.cat\\\/producte\\\/portam-amb-tu-attilio-bertolucci\\\/\"]}]},{\"@type\":\"ImageObject\",\"inLanguage\":\"en-GB\",\"@id\":\"https:\\\/\\\/www.salze.cat\\\/producte\\\/portam-amb-tu-attilio-bertolucci\\\/#primaryimage\",\"url\":\"https:\\\/\\\/www.salze.cat\\\/wp-content\\\/uploads\\\/2021\\\/02\\\/porta_m_amb_tu_attilio_bertolucci_portada-scaled.jpg\",\"contentUrl\":\"https:\\\/\\\/www.salze.cat\\\/wp-content\\\/uploads\\\/2021\\\/02\\\/porta_m_amb_tu_attilio_bertolucci_portada-scaled.jpg\",\"width\":1639,\"height\":2560},{\"@type\":\"BreadcrumbList\",\"@id\":\"https:\\\/\\\/www.salze.cat\\\/producte\\\/portam-amb-tu-attilio-bertolucci\\\/#breadcrumb\",\"itemListElement\":[{\"@type\":\"ListItem\",\"position\":1,\"name\":\"Inici\",\"item\":\"https:\\\/\\\/www.salze.cat\\\/\"},{\"@type\":\"ListItem\",\"position\":2,\"name\":\"Botiga\",\"item\":\"https:\\\/\\\/www.salze.cat\\\/botiga\\\/\"},{\"@type\":\"ListItem\",\"position\":3,\"name\":\"Porta\u2019m amb tu \\\/ Portami con te, d\u2019Attilio Bertolucci\"}]},{\"@type\":\"WebSite\",\"@id\":\"https:\\\/\\\/www.salze.cat\\\/#website\",\"url\":\"https:\\\/\\\/www.salze.cat\\\/\",\"name\":\"Salze Editorial\",\"description\":\"Segell de traducci\u00f3 de poesia al catal\u00e0\",\"publisher\":{\"@id\":\"https:\\\/\\\/www.salze.cat\\\/#organization\"},\"potentialAction\":[{\"@type\":\"SearchAction\",\"target\":{\"@type\":\"EntryPoint\",\"urlTemplate\":\"https:\\\/\\\/www.salze.cat\\\/?s={search_term_string}\"},\"query-input\":{\"@type\":\"PropertyValueSpecification\",\"valueRequired\":true,\"valueName\":\"search_term_string\"}}],\"inLanguage\":\"en-GB\"},{\"@type\":\"Organization\",\"@id\":\"https:\\\/\\\/www.salze.cat\\\/#organization\",\"name\":\"Salze Editorial\",\"url\":\"https:\\\/\\\/www.salze.cat\\\/\",\"logo\":{\"@type\":\"ImageObject\",\"inLanguage\":\"en-GB\",\"@id\":\"https:\\\/\\\/www.salze.cat\\\/#\\\/schema\\\/logo\\\/image\\\/\",\"url\":\"https:\\\/\\\/www.salze.cat\\\/wp-content\\\/uploads\\\/2021\\\/05\\\/Salze-Logo.png\",\"contentUrl\":\"https:\\\/\\\/www.salze.cat\\\/wp-content\\\/uploads\\\/2021\\\/05\\\/Salze-Logo.png\",\"width\":1600,\"height\":1600,\"caption\":\"Salze Editorial\"},\"image\":{\"@id\":\"https:\\\/\\\/www.salze.cat\\\/#\\\/schema\\\/logo\\\/image\\\/\"},\"sameAs\":[\"https:\\\/\\\/www.facebook.com\\\/salzeeditorial\",\"https:\\\/\\\/x.com\\\/SalzeEditorial\",\"https:\\\/\\\/www.instagram.com\\\/salzeeditorial\\\/\"]}]}<\/script>\n<!-- \/ Yoast SEO plugin. -->","yoast_head_json":{"title":"Porta\u2019m amb tu \/ Portami con te, d\u2019Attilio Bertolucci : Salze Editorial","robots":{"index":"index","follow":"follow","max-snippet":"max-snippet:-1","max-image-preview":"max-image-preview:large","max-video-preview":"max-video-preview:-1"},"canonical":"https:\/\/www.salze.cat\/en\/product\/portam-amb-tu-attilio-bertolucci\/","og_locale":"en_GB","og_type":"article","og_title":"Porta\u2019m amb tu \/ Portami con te, d\u2019Attilio Bertolucci : Salze Editorial","og_description":"Per primera vegada en catal\u00e0, una de les veus m\u00e9s excepcionals de la poesia italiana i europea de tots els temps.","og_url":"https:\/\/www.salze.cat\/en\/product\/portam-amb-tu-attilio-bertolucci\/","og_site_name":"Salze Editorial","article_publisher":"https:\/\/www.facebook.com\/salzeeditorial","article_modified_time":"2025-02-21T13:09:34+00:00","og_image":[{"width":1639,"height":2560,"url":"https:\/\/www.salze.cat\/wp-content\/uploads\/2021\/02\/porta_m_amb_tu_attilio_bertolucci_portada-scaled.jpg","type":"image\/jpeg"}],"twitter_card":"summary_large_image","twitter_site":"@SalzeEditorial","twitter_misc":{"Estimated reading time":"1 minute"},"schema":{"@context":"https:\/\/schema.org","@graph":[{"@type":"WebPage","@id":"https:\/\/www.salze.cat\/producte\/portam-amb-tu-attilio-bertolucci\/","url":"https:\/\/www.salze.cat\/producte\/portam-amb-tu-attilio-bertolucci\/","name":"Porta\u2019m amb tu \/ Portami con te, d\u2019Attilio Bertolucci : Salze Editorial","isPartOf":{"@id":"https:\/\/www.salze.cat\/#website"},"primaryImageOfPage":{"@id":"https:\/\/www.salze.cat\/producte\/portam-amb-tu-attilio-bertolucci\/#primaryimage"},"image":{"@id":"https:\/\/www.salze.cat\/producte\/portam-amb-tu-attilio-bertolucci\/#primaryimage"},"thumbnailUrl":"https:\/\/www.salze.cat\/wp-content\/uploads\/2021\/02\/porta_m_amb_tu_attilio_bertolucci_portada-scaled.jpg","datePublished":"2021-02-18T08:20:42+00:00","dateModified":"2025-02-21T13:09:34+00:00","breadcrumb":{"@id":"https:\/\/www.salze.cat\/producte\/portam-amb-tu-attilio-bertolucci\/#breadcrumb"},"inLanguage":"en-GB","potentialAction":[{"@type":"ReadAction","target":["https:\/\/www.salze.cat\/producte\/portam-amb-tu-attilio-bertolucci\/"]}]},{"@type":"ImageObject","inLanguage":"en-GB","@id":"https:\/\/www.salze.cat\/producte\/portam-amb-tu-attilio-bertolucci\/#primaryimage","url":"https:\/\/www.salze.cat\/wp-content\/uploads\/2021\/02\/porta_m_amb_tu_attilio_bertolucci_portada-scaled.jpg","contentUrl":"https:\/\/www.salze.cat\/wp-content\/uploads\/2021\/02\/porta_m_amb_tu_attilio_bertolucci_portada-scaled.jpg","width":1639,"height":2560},{"@type":"BreadcrumbList","@id":"https:\/\/www.salze.cat\/producte\/portam-amb-tu-attilio-bertolucci\/#breadcrumb","itemListElement":[{"@type":"ListItem","position":1,"name":"Inici","item":"https:\/\/www.salze.cat\/"},{"@type":"ListItem","position":2,"name":"Botiga","item":"https:\/\/www.salze.cat\/botiga\/"},{"@type":"ListItem","position":3,"name":"Porta\u2019m amb tu \/ Portami con te, d\u2019Attilio Bertolucci"}]},{"@type":"WebSite","@id":"https:\/\/www.salze.cat\/#website","url":"https:\/\/www.salze.cat\/","name":"Salze Editorial","description":"Segell de traducci\u00f3 de poesia al catal\u00e0","publisher":{"@id":"https:\/\/www.salze.cat\/#organization"},"potentialAction":[{"@type":"SearchAction","target":{"@type":"EntryPoint","urlTemplate":"https:\/\/www.salze.cat\/?s={search_term_string}"},"query-input":{"@type":"PropertyValueSpecification","valueRequired":true,"valueName":"search_term_string"}}],"inLanguage":"en-GB"},{"@type":"Organization","@id":"https:\/\/www.salze.cat\/#organization","name":"Salze Editorial","url":"https:\/\/www.salze.cat\/","logo":{"@type":"ImageObject","inLanguage":"en-GB","@id":"https:\/\/www.salze.cat\/#\/schema\/logo\/image\/","url":"https:\/\/www.salze.cat\/wp-content\/uploads\/2021\/05\/Salze-Logo.png","contentUrl":"https:\/\/www.salze.cat\/wp-content\/uploads\/2021\/05\/Salze-Logo.png","width":1600,"height":1600,"caption":"Salze Editorial"},"image":{"@id":"https:\/\/www.salze.cat\/#\/schema\/logo\/image\/"},"sameAs":["https:\/\/www.facebook.com\/salzeeditorial","https:\/\/x.com\/SalzeEditorial","https:\/\/www.instagram.com\/salzeeditorial\/"]}]}},"jetpack_sharing_enabled":true,"_links":{"self":[{"href":"https:\/\/www.salze.cat\/en\/wp-json\/wp\/v2\/product\/958","targetHints":{"allow":["GET"]}}],"collection":[{"href":"https:\/\/www.salze.cat\/en\/wp-json\/wp\/v2\/product"}],"about":[{"href":"https:\/\/www.salze.cat\/en\/wp-json\/wp\/v2\/types\/product"}],"replies":[{"embeddable":true,"href":"https:\/\/www.salze.cat\/en\/wp-json\/wp\/v2\/comments?post=958"}],"wp:featuredmedia":[{"embeddable":true,"href":"https:\/\/www.salze.cat\/en\/wp-json\/wp\/v2\/media\/959"}],"wp:attachment":[{"href":"https:\/\/www.salze.cat\/en\/wp-json\/wp\/v2\/media?parent=958"}],"wp:term":[{"taxonomy":"product_brand","embeddable":true,"href":"https:\/\/www.salze.cat\/en\/wp-json\/wp\/v2\/product_brand?post=958"},{"taxonomy":"product_cat","embeddable":true,"href":"https:\/\/www.salze.cat\/en\/wp-json\/wp\/v2\/product_cat?post=958"},{"taxonomy":"product_tag","embeddable":true,"href":"https:\/\/www.salze.cat\/en\/wp-json\/wp\/v2\/product_tag?post=958"}],"curies":[{"name":"wp","href":"https:\/\/api.w.org\/{rel}","templated":true}]}}