{"id":3198,"date":"2026-01-11T17:52:03","date_gmt":"2026-01-11T17:52:03","guid":{"rendered":"https:\/\/www.salze.cat\/?post_type=product&#038;p=3198"},"modified":"2026-03-30T10:42:24","modified_gmt":"2026-03-30T10:42:24","slug":"neurosuite-de-margherita-guidacci","status":"publish","type":"product","link":"https:\/\/www.salze.cat\/en\/product\/neurosuite-de-margherita-guidacci\/","title":{"rendered":"Neurosuite, de Margherita Guidacci"},"content":{"rendered":"<div id=\"fws_69dfedbe9c766\"  data-column-margin=\"default\" data-midnight=\"dark\"  class=\"wpb_row vc_row-fluid vc_row\"  style=\"padding-top: 0px; padding-bottom: 0px; \"><div class=\"row-bg-wrap\" data-bg-animation=\"none\" data-bg-animation-delay=\"\" data-bg-overlay=\"false\"><div class=\"inner-wrap row-bg-layer\" ><div class=\"row-bg viewport-desktop\"  style=\"\"><\/div><\/div><\/div><div class=\"row_col_wrap_12 col span_12 dark left\">\n\t<div  class=\"vc_col-sm-12 wpb_column column_container vc_column_container col no-extra-padding inherit_tablet inherit_phone flex_gap_desktop_10px\"  data-padding-pos=\"all\" data-has-bg-color=\"false\" data-bg-color=\"\" data-bg-opacity=\"1\" data-animation=\"\" data-delay=\"0\" >\n\t\t<div class=\"vc_column-inner\" >\n\t\t\t<div class=\"wpb_wrapper\">\n\t\t\t\t\n<div class=\"wpb_text_column wpb_content_element\" >\n\t<p><strong>Amb prefaci, selecci\u00f3 i traducci\u00f3 de Marta Vilardaga i Josep Porcar<\/strong>, <span style=\"color: #ff26b3;\"><strong>Salze Editorial<\/strong><\/span> presenta en edici\u00f3 biling\u00fce l\u2019antologia <span style=\"color: #ff26b3;\"><em><strong>Neurosuite<\/strong><\/em><\/span>, una tria de m\u00e9s de cent cinquanta poemes a partir de l\u2019obra completa de <strong>Margherita Guidacci<\/strong>. El t\u00edtol de l\u2019antologia, <em>NEUROSUITE<\/em>, pertany al llibre central de la poeta, que ha estat tradu\u00eft i recollit \u00edntegrament, i al qual s\u2019han afegit els poemes m\u00e9s representatius dels llibres precedents i posteriors. Giorgio Caproni, figura fonamental del Novecento itali\u00e0, amb la publicaci\u00f3 del primer llibre, <em>La sabbia e l\u2019Angelo <\/em>(1946), va qualificar-la \u00abcom a poeta que ha sabut debutar com els rars poetes aut\u00e8ntics\u00bb. Una poeta que va defugir etiquetes i modes de l\u2019\u2009\u00e8poca \u2013cr\u00edptica i incerta\u2013 que li toc\u00e0 viure: Segona Guerra Mundial, Guerra Freda, alerta nuclear, caiguda del Mur&#8230; Tot i la tensi\u00f3 existencia\u00adlista, l\u2019espiritualitat que traspua i la inicial narrativitat asc\u00e8tica, r\u00e0pidament abandona aquests preceptes formals quan s\u2019acara a les atrocitats de la hist\u00f2ria, i sobretot a partir de la seva pr\u00f2pia trag\u00e8dia personal, marcada per la malaltia mental que va propiciar la seva obra mestra, <em>Neurosuite<\/em> (1970).<span class=\"Apple-converted-space\">\u00a0<\/span><\/p>\n<p><strong>Guidacci qualifica <em>Neurosuite<\/em> de \u00abnadir\u00bb<\/strong> \u2013el punt m\u00e9s decadent de la seva vida\u2013, escrit a l\u2019inici de la guarici\u00f3. La cl\u00ednica neurol\u00f2gica esdev\u00e9 lloc de condemna i de pena, un infern dantesc on els pacients o \u00absommersi\u00bb, aix\u00ed citats a la dedicat\u00f2ria, viuen en aig\u00fces hostils i nocives. El llibre inclou una precisa i significativa successi\u00f3 i correlaci\u00f3 de moviments amb poemes d\u2019una extraordin\u00e0ria i serena lucidesa, de gran ductilitat l\u00edrica malgrat la funesta adversitat personal. Ni tan sols en aquestes circumst\u00e0ncies permet Guidacci que s\u2019enterboleixi la seva transpar\u00e8ncia expressiva, sensiblement distanciada d\u2019altres veus coet\u00e0nies m\u00e9s esqueixades i estridents, tamb\u00e9 colpides per la fatalitat d\u2019una malaltia psiqui\u00e0trica, com ara Amelia Rosselli i Alda Merini.<\/p>\n<\/div>\n\n\n\n\n\t\t\t<\/div> \n\t\t<\/div>\n\t<\/div> \n<\/div><\/div>","protected":false},"excerpt":{"rendered":"<h3>Biancamaria Frabotta: \u00abOrgullosament independent dels condicionaments de la societat, sobretot liter\u00e0ria, dels seus contemporanis\u00bb<\/h3>\n<h3>Giorgio Caproni: \u00abHa nascut a It\u00e0lia la veu d\u2019una poeta nova\u00bb<\/h3>\n<p>\u2014<\/p>\n<p><strong>Aquesta antologia porta per primera vegada al catal\u00e0<\/strong> la poesia de Margherita Guidacci (Flor\u00e8ncia,\u20051921\u2006-\u2006Roma,\u20051992), recull \u00edntegrament la seva obra mestra, <em>Neurosuite<\/em>, i recorre llibre per llibre el seu extens corpus po\u00e8tic. Els seus versos, \u200aen ocasions al\u00b7leg\u00f2rics i morda\u00e7ment al\u00b7lusius, per\u00f2 sempre un\u00edvocs i l\u00edmpids amb la franquesa eloq\u00fcent d\u2019un acte de fe, neixen de la seva experi\u00e8ncia de dona i de ciutadana activa, i atenyen una espiritualitat lluminosa guiada per una poderosa claredat expressiva, una discreta i no obstant efusiva i punyent veu baixa amb qu\u00e8 es fa llegir intel\u00b7ligiblement, elements distintius que a penes tenen comparaci\u00f3 en la poesia europea contempor\u00e0nia.<\/p>\n<p><strong>En una It\u00e0lia patriarcal i r\u00f2nega, va haver de fer front<\/strong> en ple segle XX a les modes triomfants custodiades per un aparell cr\u00edtic on senyorejaven, sobretot als anys quaranta i cinquanta, patums de l\u2019hermetisme que Guidacci no seguia, sempre perseverant perqu\u00e8 no entr\u00e9s cap foscor ni cap ambig\u00fcitat \u2013tampoc cap escarafall ni crid\u00f2ria\u2013 als seus versos cristal\u00b7lins, clarividents, en\u00e8rgics i atemporals. Tena\u00e7ment fidel a ella mateixa i a la pr\u00f2pia independ\u00e8ncia liter\u00e0ria, per a ella l\u2019\u00fanic cam\u00ed era el que sorgia de l\u2019autenticitat, conscient que emprenia senders po\u00e8tics a penes fressats, apartats dels grans corrents llavors imperants, com l\u2019\u2006epifanisme d\u2019\u2006Ungaretti, l\u2019\u2006esmentat hermetisme, la neoa\u00advantguarda dels seixanta i els persistents \u2018neorealismes\u2019 de Quasimodo, Pavese o Pasolini.<\/p>","protected":false},"featured_media":3205,"comment_status":"closed","ping_status":"closed","template":"","meta":{"_joinchat":[]},"product_brand":[],"product_cat":[124],"product_tag":[193,191,192],"class_list":{"0":"post-3198","1":"product","2":"type-product","3":"status-publish","4":"has-post-thumbnail","6":"product_cat-traduccions","7":"product_tag-italia","8":"product_tag-margherita-guidacci","9":"product_tag-neurosuite","10":"product_shipping_class-ordinari","12":"first","13":"instock","14":"taxable","15":"shipping-taxable","16":"purchasable","17":"product-type-simple"},"yoast_head":"<!-- This site is optimized with the Yoast SEO plugin v27.4 - https:\/\/yoast.com\/product\/yoast-seo-wordpress\/ -->\n<title>Neurosuite, de Margherita Guidacci : Salze Editorial<\/title>\n<meta name=\"robots\" content=\"index, follow, max-snippet:-1, max-image-preview:large, max-video-preview:-1\" \/>\n<link rel=\"canonical\" href=\"https:\/\/www.salze.cat\/en\/product\/neurosuite-de-margherita-guidacci\/\" \/>\n<meta property=\"og:locale\" content=\"en_GB\" \/>\n<meta property=\"og:type\" content=\"article\" \/>\n<meta property=\"og:title\" content=\"Neurosuite, de Margherita Guidacci : Salze Editorial\" \/>\n<meta property=\"og:description\" content=\"Biancamaria Frabotta: \u00abOrgullosament independent dels condicionaments de la societat, sobretot liter\u00e0ria, dels seus contemporanis\u00bb Giorgio Caproni: \u00abHa nascut a It\u00e0lia la veu d\u2019una poeta nova\u00bb \u2014  Aquesta antologia porta per primera vegada al catal\u00e0 la poesia de Margherita Guidacci (Flor\u00e8ncia,\u20051921\u2006-\u2006Roma,\u20051992), recull \u00edntegrament la seva obra mestra, Neurosuite, i recorre llibre per llibre el seu extens corpus po\u00e8tic. Els seus versos, \u200aen ocasions al\u00b7leg\u00f2rics i morda\u00e7ment al\u00b7lusius, per\u00f2 sempre un\u00edvocs i l\u00edmpids amb la franquesa eloq\u00fcent d\u2019un acte de fe, neixen de la seva experi\u00e8ncia de dona i de ciutadana activa, i atenyen una espiritualitat lluminosa guiada per una poderosa claredat expressiva, una discreta i no obstant efusiva i punyent veu baixa amb qu\u00e8 es fa llegir intel\u00b7ligiblement, elements distintius que a penes tenen comparaci\u00f3 en la poesia europea contempor\u00e0nia.  En una It\u00e0lia patriarcal i r\u00f2nega, va haver de fer front en ple segle XX a les modes triomfants custodiades per un aparell cr\u00edtic on senyorejaven, sobretot als anys quaranta i cinquanta, patums de l\u2019hermetisme que Guidacci no seguia, sempre perseverant perqu\u00e8 no entr\u00e9s cap foscor ni cap ambig\u00fcitat \u2013tampoc cap escarafall ni crid\u00f2ria\u2013 als seus versos cristal\u00b7lins, clarividents, en\u00e8rgics i atemporals. Tena\u00e7ment fidel a ella mateixa i a la pr\u00f2pia independ\u00e8ncia liter\u00e0ria, per a ella l\u2019\u00fanic cam\u00ed era el que sorgia de l\u2019autenticitat, conscient que emprenia senders po\u00e8tics a penes fressats, apartats dels grans corrents llavors imperants, com l\u2019\u2006epifanisme d\u2019\u2006Ungaretti, l\u2019\u2006esmentat hermetisme, la neoa\u00advantguarda dels seixanta i els persistents \u2018neorealismes\u2019 de Quasimodo, Pavese o Pasolini.\" \/>\n<meta property=\"og:url\" content=\"https:\/\/www.salze.cat\/en\/product\/neurosuite-de-margherita-guidacci\/\" \/>\n<meta property=\"og:site_name\" content=\"Salze Editorial\" \/>\n<meta property=\"article:publisher\" content=\"https:\/\/www.facebook.com\/salzeeditorial\" \/>\n<meta property=\"article:modified_time\" content=\"2026-03-30T10:42:24+00:00\" \/>\n<meta property=\"og:image\" content=\"https:\/\/www.salze.cat\/wp-content\/uploads\/2026\/01\/Guidacci_Margherita_Salze_6_5_portada-scaled.jpg\" \/>\n\t<meta property=\"og:image:width\" content=\"1639\" \/>\n\t<meta property=\"og:image:height\" content=\"2560\" \/>\n\t<meta property=\"og:image:type\" content=\"image\/jpeg\" \/>\n<meta name=\"twitter:card\" content=\"summary_large_image\" \/>\n<meta name=\"twitter:site\" content=\"@SalzeEditorial\" \/>\n<meta name=\"twitter:label1\" content=\"Estimated reading time\" \/>\n\t<meta name=\"twitter:data1\" content=\"3 minutes\" \/>\n<script type=\"application\/ld+json\" class=\"yoast-schema-graph\">{\"@context\":\"https:\\\/\\\/schema.org\",\"@graph\":[{\"@type\":\"WebPage\",\"@id\":\"https:\\\/\\\/www.salze.cat\\\/producte\\\/neurosuite-de-margherita-guidacci\\\/\",\"url\":\"https:\\\/\\\/www.salze.cat\\\/producte\\\/neurosuite-de-margherita-guidacci\\\/\",\"name\":\"Neurosuite, de Margherita Guidacci : Salze Editorial\",\"isPartOf\":{\"@id\":\"https:\\\/\\\/www.salze.cat\\\/#website\"},\"primaryImageOfPage\":{\"@id\":\"https:\\\/\\\/www.salze.cat\\\/producte\\\/neurosuite-de-margherita-guidacci\\\/#primaryimage\"},\"image\":{\"@id\":\"https:\\\/\\\/www.salze.cat\\\/producte\\\/neurosuite-de-margherita-guidacci\\\/#primaryimage\"},\"thumbnailUrl\":\"https:\\\/\\\/www.salze.cat\\\/wp-content\\\/uploads\\\/2026\\\/01\\\/Guidacci_Margherita_Salze_6_5_portada-scaled.jpg\",\"datePublished\":\"2026-01-11T17:52:03+00:00\",\"dateModified\":\"2026-03-30T10:42:24+00:00\",\"breadcrumb\":{\"@id\":\"https:\\\/\\\/www.salze.cat\\\/producte\\\/neurosuite-de-margherita-guidacci\\\/#breadcrumb\"},\"inLanguage\":\"en-GB\",\"potentialAction\":[{\"@type\":\"ReadAction\",\"target\":[\"https:\\\/\\\/www.salze.cat\\\/producte\\\/neurosuite-de-margherita-guidacci\\\/\"]}]},{\"@type\":\"ImageObject\",\"inLanguage\":\"en-GB\",\"@id\":\"https:\\\/\\\/www.salze.cat\\\/producte\\\/neurosuite-de-margherita-guidacci\\\/#primaryimage\",\"url\":\"https:\\\/\\\/www.salze.cat\\\/wp-content\\\/uploads\\\/2026\\\/01\\\/Guidacci_Margherita_Salze_6_5_portada-scaled.jpg\",\"contentUrl\":\"https:\\\/\\\/www.salze.cat\\\/wp-content\\\/uploads\\\/2026\\\/01\\\/Guidacci_Margherita_Salze_6_5_portada-scaled.jpg\",\"width\":1639,\"height\":2560,\"caption\":\"neurosuite-guidacci-04\"},{\"@type\":\"BreadcrumbList\",\"@id\":\"https:\\\/\\\/www.salze.cat\\\/producte\\\/neurosuite-de-margherita-guidacci\\\/#breadcrumb\",\"itemListElement\":[{\"@type\":\"ListItem\",\"position\":1,\"name\":\"Inici\",\"item\":\"https:\\\/\\\/www.salze.cat\\\/\"},{\"@type\":\"ListItem\",\"position\":2,\"name\":\"Botiga\",\"item\":\"https:\\\/\\\/www.salze.cat\\\/botiga\\\/\"},{\"@type\":\"ListItem\",\"position\":3,\"name\":\"Neurosuite, de Margherita Guidacci\"}]},{\"@type\":\"WebSite\",\"@id\":\"https:\\\/\\\/www.salze.cat\\\/#website\",\"url\":\"https:\\\/\\\/www.salze.cat\\\/\",\"name\":\"Salze Editorial\",\"description\":\"Segell de traducci\u00f3 de poesia al catal\u00e0\",\"publisher\":{\"@id\":\"https:\\\/\\\/www.salze.cat\\\/#organization\"},\"potentialAction\":[{\"@type\":\"SearchAction\",\"target\":{\"@type\":\"EntryPoint\",\"urlTemplate\":\"https:\\\/\\\/www.salze.cat\\\/?s={search_term_string}\"},\"query-input\":{\"@type\":\"PropertyValueSpecification\",\"valueRequired\":true,\"valueName\":\"search_term_string\"}}],\"inLanguage\":\"en-GB\"},{\"@type\":\"Organization\",\"@id\":\"https:\\\/\\\/www.salze.cat\\\/#organization\",\"name\":\"Salze Editorial\",\"url\":\"https:\\\/\\\/www.salze.cat\\\/\",\"logo\":{\"@type\":\"ImageObject\",\"inLanguage\":\"en-GB\",\"@id\":\"https:\\\/\\\/www.salze.cat\\\/#\\\/schema\\\/logo\\\/image\\\/\",\"url\":\"https:\\\/\\\/www.salze.cat\\\/wp-content\\\/uploads\\\/2021\\\/05\\\/Salze-Logo.png\",\"contentUrl\":\"https:\\\/\\\/www.salze.cat\\\/wp-content\\\/uploads\\\/2021\\\/05\\\/Salze-Logo.png\",\"width\":1600,\"height\":1600,\"caption\":\"Salze Editorial\"},\"image\":{\"@id\":\"https:\\\/\\\/www.salze.cat\\\/#\\\/schema\\\/logo\\\/image\\\/\"},\"sameAs\":[\"https:\\\/\\\/www.facebook.com\\\/salzeeditorial\",\"https:\\\/\\\/x.com\\\/SalzeEditorial\",\"https:\\\/\\\/www.instagram.com\\\/salzeeditorial\\\/\"]}]}<\/script>\n<!-- \/ Yoast SEO plugin. -->","yoast_head_json":{"title":"Neurosuite, de Margherita Guidacci : Salze Editorial","robots":{"index":"index","follow":"follow","max-snippet":"max-snippet:-1","max-image-preview":"max-image-preview:large","max-video-preview":"max-video-preview:-1"},"canonical":"https:\/\/www.salze.cat\/en\/product\/neurosuite-de-margherita-guidacci\/","og_locale":"en_GB","og_type":"article","og_title":"Neurosuite, de Margherita Guidacci : Salze Editorial","og_description":"Biancamaria Frabotta: \u00abOrgullosament independent dels condicionaments de la societat, sobretot liter\u00e0ria, dels seus contemporanis\u00bb Giorgio Caproni: \u00abHa nascut a It\u00e0lia la veu d\u2019una poeta nova\u00bb \u2014  Aquesta antologia porta per primera vegada al catal\u00e0 la poesia de Margherita Guidacci (Flor\u00e8ncia,\u20051921\u2006-\u2006Roma,\u20051992), recull \u00edntegrament la seva obra mestra, Neurosuite, i recorre llibre per llibre el seu extens corpus po\u00e8tic. Els seus versos, \u200aen ocasions al\u00b7leg\u00f2rics i morda\u00e7ment al\u00b7lusius, per\u00f2 sempre un\u00edvocs i l\u00edmpids amb la franquesa eloq\u00fcent d\u2019un acte de fe, neixen de la seva experi\u00e8ncia de dona i de ciutadana activa, i atenyen una espiritualitat lluminosa guiada per una poderosa claredat expressiva, una discreta i no obstant efusiva i punyent veu baixa amb qu\u00e8 es fa llegir intel\u00b7ligiblement, elements distintius que a penes tenen comparaci\u00f3 en la poesia europea contempor\u00e0nia.  En una It\u00e0lia patriarcal i r\u00f2nega, va haver de fer front en ple segle XX a les modes triomfants custodiades per un aparell cr\u00edtic on senyorejaven, sobretot als anys quaranta i cinquanta, patums de l\u2019hermetisme que Guidacci no seguia, sempre perseverant perqu\u00e8 no entr\u00e9s cap foscor ni cap ambig\u00fcitat \u2013tampoc cap escarafall ni crid\u00f2ria\u2013 als seus versos cristal\u00b7lins, clarividents, en\u00e8rgics i atemporals. Tena\u00e7ment fidel a ella mateixa i a la pr\u00f2pia independ\u00e8ncia liter\u00e0ria, per a ella l\u2019\u00fanic cam\u00ed era el que sorgia de l\u2019autenticitat, conscient que emprenia senders po\u00e8tics a penes fressats, apartats dels grans corrents llavors imperants, com l\u2019\u2006epifanisme d\u2019\u2006Ungaretti, l\u2019\u2006esmentat hermetisme, la neoa\u00advantguarda dels seixanta i els persistents \u2018neorealismes\u2019 de Quasimodo, Pavese o Pasolini.","og_url":"https:\/\/www.salze.cat\/en\/product\/neurosuite-de-margherita-guidacci\/","og_site_name":"Salze Editorial","article_publisher":"https:\/\/www.facebook.com\/salzeeditorial","article_modified_time":"2026-03-30T10:42:24+00:00","og_image":[{"width":1639,"height":2560,"url":"https:\/\/www.salze.cat\/wp-content\/uploads\/2026\/01\/Guidacci_Margherita_Salze_6_5_portada-scaled.jpg","type":"image\/jpeg"}],"twitter_card":"summary_large_image","twitter_site":"@SalzeEditorial","twitter_misc":{"Estimated reading time":"3 minutes"},"schema":{"@context":"https:\/\/schema.org","@graph":[{"@type":"WebPage","@id":"https:\/\/www.salze.cat\/producte\/neurosuite-de-margherita-guidacci\/","url":"https:\/\/www.salze.cat\/producte\/neurosuite-de-margherita-guidacci\/","name":"Neurosuite, de Margherita Guidacci : Salze Editorial","isPartOf":{"@id":"https:\/\/www.salze.cat\/#website"},"primaryImageOfPage":{"@id":"https:\/\/www.salze.cat\/producte\/neurosuite-de-margherita-guidacci\/#primaryimage"},"image":{"@id":"https:\/\/www.salze.cat\/producte\/neurosuite-de-margherita-guidacci\/#primaryimage"},"thumbnailUrl":"https:\/\/www.salze.cat\/wp-content\/uploads\/2026\/01\/Guidacci_Margherita_Salze_6_5_portada-scaled.jpg","datePublished":"2026-01-11T17:52:03+00:00","dateModified":"2026-03-30T10:42:24+00:00","breadcrumb":{"@id":"https:\/\/www.salze.cat\/producte\/neurosuite-de-margherita-guidacci\/#breadcrumb"},"inLanguage":"en-GB","potentialAction":[{"@type":"ReadAction","target":["https:\/\/www.salze.cat\/producte\/neurosuite-de-margherita-guidacci\/"]}]},{"@type":"ImageObject","inLanguage":"en-GB","@id":"https:\/\/www.salze.cat\/producte\/neurosuite-de-margherita-guidacci\/#primaryimage","url":"https:\/\/www.salze.cat\/wp-content\/uploads\/2026\/01\/Guidacci_Margherita_Salze_6_5_portada-scaled.jpg","contentUrl":"https:\/\/www.salze.cat\/wp-content\/uploads\/2026\/01\/Guidacci_Margherita_Salze_6_5_portada-scaled.jpg","width":1639,"height":2560,"caption":"neurosuite-guidacci-04"},{"@type":"BreadcrumbList","@id":"https:\/\/www.salze.cat\/producte\/neurosuite-de-margherita-guidacci\/#breadcrumb","itemListElement":[{"@type":"ListItem","position":1,"name":"Inici","item":"https:\/\/www.salze.cat\/"},{"@type":"ListItem","position":2,"name":"Botiga","item":"https:\/\/www.salze.cat\/botiga\/"},{"@type":"ListItem","position":3,"name":"Neurosuite, de Margherita Guidacci"}]},{"@type":"WebSite","@id":"https:\/\/www.salze.cat\/#website","url":"https:\/\/www.salze.cat\/","name":"Salze Editorial","description":"Segell de traducci\u00f3 de poesia al catal\u00e0","publisher":{"@id":"https:\/\/www.salze.cat\/#organization"},"potentialAction":[{"@type":"SearchAction","target":{"@type":"EntryPoint","urlTemplate":"https:\/\/www.salze.cat\/?s={search_term_string}"},"query-input":{"@type":"PropertyValueSpecification","valueRequired":true,"valueName":"search_term_string"}}],"inLanguage":"en-GB"},{"@type":"Organization","@id":"https:\/\/www.salze.cat\/#organization","name":"Salze Editorial","url":"https:\/\/www.salze.cat\/","logo":{"@type":"ImageObject","inLanguage":"en-GB","@id":"https:\/\/www.salze.cat\/#\/schema\/logo\/image\/","url":"https:\/\/www.salze.cat\/wp-content\/uploads\/2021\/05\/Salze-Logo.png","contentUrl":"https:\/\/www.salze.cat\/wp-content\/uploads\/2021\/05\/Salze-Logo.png","width":1600,"height":1600,"caption":"Salze Editorial"},"image":{"@id":"https:\/\/www.salze.cat\/#\/schema\/logo\/image\/"},"sameAs":["https:\/\/www.facebook.com\/salzeeditorial","https:\/\/x.com\/SalzeEditorial","https:\/\/www.instagram.com\/salzeeditorial\/"]}]}},"jetpack_sharing_enabled":true,"_links":{"self":[{"href":"https:\/\/www.salze.cat\/en\/wp-json\/wp\/v2\/product\/3198","targetHints":{"allow":["GET"]}}],"collection":[{"href":"https:\/\/www.salze.cat\/en\/wp-json\/wp\/v2\/product"}],"about":[{"href":"https:\/\/www.salze.cat\/en\/wp-json\/wp\/v2\/types\/product"}],"replies":[{"embeddable":true,"href":"https:\/\/www.salze.cat\/en\/wp-json\/wp\/v2\/comments?post=3198"}],"wp:featuredmedia":[{"embeddable":true,"href":"https:\/\/www.salze.cat\/en\/wp-json\/wp\/v2\/media\/3205"}],"wp:attachment":[{"href":"https:\/\/www.salze.cat\/en\/wp-json\/wp\/v2\/media?parent=3198"}],"wp:term":[{"taxonomy":"product_brand","embeddable":true,"href":"https:\/\/www.salze.cat\/en\/wp-json\/wp\/v2\/product_brand?post=3198"},{"taxonomy":"product_cat","embeddable":true,"href":"https:\/\/www.salze.cat\/en\/wp-json\/wp\/v2\/product_cat?post=3198"},{"taxonomy":"product_tag","embeddable":true,"href":"https:\/\/www.salze.cat\/en\/wp-json\/wp\/v2\/product_tag?post=3198"}],"curies":[{"name":"wp","href":"https:\/\/api.w.org\/{rel}","templated":true}]}}