{"id":3035,"date":"2025-06-17T08:20:36","date_gmt":"2025-06-17T08:20:36","guid":{"rendered":"https:\/\/www.salze.cat\/?post_type=product&#038;p=3035"},"modified":"2026-02-02T20:02:41","modified_gmt":"2026-02-02T20:02:41","slug":"la-llavor-en-la-fosca-de-josep-j-conill","status":"publish","type":"product","link":"https:\/\/www.salze.cat\/en\/product\/la-llavor-en-la-fosca-de-josep-j-conill\/","title":{"rendered":"La llavor en la fosca, de Josep J. Conill"},"content":{"rendered":"<p style=\"font-weight: 400;\">La nova col\u00b7lecci\u00f3 de poesia catalana \u00abFlors del mal\u00bb comptar\u00e0 amb veus d\u2019arreu del nostre domini ling\u00fc\u00edstic, destinada a reunir po\u00e8tiques d\u2019alta qualitat liter\u00e0ria a les quals avui dia no se n\u2019est\u00e0 parant prou atenci\u00f3, com poden ser les que exploren amb tota vigoria les possibilitats del llenguatge tant des de l\u2019experimentaci\u00f3 com des de la m\u00e9s cl\u00e0ssica precisi\u00f3 formal, o les que aposten per formulacions m\u00e9s filos\u00f2fiques sense deixar de banda la vivacitat formal, i en qualsevol cas, totes aquelles que resten marginades per la poesia avui dia dominant, sovint m\u00e9s propensa a l\u2019autoter\u00e0pia que no pas a la reflexi\u00f3 de caire art\u00edstic. Es tracta d\u2019una recerca de poesia que arrisca i, per qu\u00e8 no, en certs casos, incomoda i remou, com \u00e9s el cas de LA LLAVOR EN LA FOSCA de Josep J. Conill.<\/p>","protected":false},"excerpt":{"rendered":"<p><strong>\u00abCerquem una resposta, no la ra\u00f3 solemne<br \/>\nde l\u2019evoluci\u00f3, nom\u00e9s la llavor fosca<br \/>\nque ens empeny a combatre\u2019ns cap a l\u2019avenc dels somnis\u00bb<\/strong><\/p>\n<p><strong>La llavor en la fosca\u00a0<\/strong>\u00e9s un llibre de poemes sobre les adversitats inherents a la condici\u00f3 humana, en forma d\u2019imitacions de la vida, en sis seccions. Germina en l\u2019enigma de l\u2019expressi\u00f3 com un despertar al malson de la interioritat, arrela esperonat per l\u2019exaltaci\u00f3 de l\u2019amor i el sexe, i brosta, ple de lucidesa, en una indagaci\u00f3 de l\u2019absurda estult\u00edcia de no poques relacions personals, abocades a la decad\u00e8ncia i la mort. El sentiment de la caducitat de la pr\u00f2pia exist\u00e8ncia s\u2019hi veu anticipat de manera punyent per la defunci\u00f3 de familiars, un tr\u00e0nsit que culmina, sota el signe de la mort de D\u00e9u, en la irrupci\u00f3 de la hist\u00f2ria i un al\u00b7legat final contra la barb\u00e0rie dels temps actuals.<\/p>\n<p><strong>Josep\u2006J.\u2005Conill<\/strong> (Castell\u00f3 de la Plana, 1961) \u00e9s soci\u00f2leg del llenguatge, cr\u00edtic cultural i escriptor. Els seus articles han vist la llum en revistes com <em>T\u2009S\u2009C<\/em>, <em>Caplletra<\/em> o <em>L\u2019Espill<\/em>. Tamb\u00e9 \u00e9s autor dels llibres <em>Del conflicte ling\u00fc\u00edstic a l\u2019autogesti\u00f3<\/em> (2007) i <em>Entre Calimero i Superman. Una pol\u00edtica ling\u00fc\u00edstica per al catal\u00e0<\/em> (2012), i ha editat en dos volums l\u2019obra del poeta castellonenc Maximi\u00e0 Alloza i el llibre de Llu\u00eds Aracil <em>Do Latim \u00e0s L\u00ednguas Nacionais<\/em> (2004). La seva dedicaci\u00f3 liter\u00e0ria s\u2019ha manifestat a trav\u00e9s dels poemaris <em>Despossessi\u00f3<\/em> (2002), <em>La nit en blanc<\/em> (2011), <em>Signes antipersona (Contra la poesia)<\/em> (2016) i dels reculls d\u2019aforismes <em>Submarins de butxaca<\/em> (2008) <em>Sic transit gloria, mindundi<\/em> (2015) i <em>Estelles sota les ungles<\/em> (2024).<\/p>","protected":false},"featured_media":3036,"comment_status":"closed","ping_status":"closed","template":"","meta":{"_joinchat":[]},"product_brand":[],"product_cat":[166],"product_tag":[169,168,167],"class_list":{"0":"post-3035","1":"product","2":"type-product","3":"status-publish","4":"has-post-thumbnail","6":"product_cat-flors-del-mal","7":"product_tag-flors-del-mal","8":"product_tag-josep-j-conill","9":"product_tag-la-llavor-en-la-fosca","10":"product_shipping_class-ordinari","12":"first","13":"instock","14":"taxable","15":"shipping-taxable","16":"purchasable","17":"product-type-simple"},"yoast_head":"<!-- This site is optimized with the Yoast SEO plugin v27.6 - https:\/\/yoast.com\/product\/yoast-seo-wordpress\/ -->\n<title>La llavor en la fosca, de Josep J. Conill : Salze Editorial<\/title>\n<meta name=\"robots\" content=\"index, follow, max-snippet:-1, max-image-preview:large, max-video-preview:-1\" \/>\n<link rel=\"canonical\" href=\"https:\/\/www.salze.cat\/en\/product\/la-llavor-en-la-fosca-de-josep-j-conill\/\" \/>\n<meta property=\"og:locale\" content=\"en_GB\" \/>\n<meta property=\"og:type\" content=\"article\" \/>\n<meta property=\"og:title\" content=\"La llavor en la fosca, de Josep J. Conill : Salze Editorial\" \/>\n<meta property=\"og:description\" content=\"\u00abCerquem una resposta, no la ra\u00f3 solemne de l\u2019evoluci\u00f3, nom\u00e9s la llavor fosca que ens empeny a combatre\u2019ns cap a l\u2019avenc dels somnis\u00bb  La llavor en la fosca\u00a0\u00e9s un llibre de poemes sobre les adversitats inherents a la condici\u00f3 humana, en forma d\u2019imitacions de la vida, en sis seccions. Germina en l\u2019enigma de l\u2019expressi\u00f3 com un despertar al malson de la interioritat, arrela esperonat per l\u2019exaltaci\u00f3 de l\u2019amor i el sexe, i brosta, ple de lucidesa, en una indagaci\u00f3 de l\u2019absurda estult\u00edcia de no poques relacions personals, abocades a la decad\u00e8ncia i la mort. El sentiment de la caducitat de la pr\u00f2pia exist\u00e8ncia s\u2019hi veu anticipat de manera punyent per la defunci\u00f3 de familiars, un tr\u00e0nsit que culmina, sota el signe de la mort de D\u00e9u, en la irrupci\u00f3 de la hist\u00f2ria i un al\u00b7legat final contra la barb\u00e0rie dels temps actuals.  Josep\u2006J.\u2005Conill (Castell\u00f3 de la Plana, 1961) \u00e9s soci\u00f2leg del llenguatge, cr\u00edtic cultural i escriptor. Els seus articles han vist la llum en revistes com T\u2009S\u2009C, Caplletra o L\u2019Espill. Tamb\u00e9 \u00e9s autor dels llibres Del conflicte ling\u00fc\u00edstic a l\u2019autogesti\u00f3 (2007) i Entre Calimero i Superman. Una pol\u00edtica ling\u00fc\u00edstica per al catal\u00e0 (2012), i ha editat en dos volums l\u2019obra del poeta castellonenc Maximi\u00e0 Alloza i el llibre de Llu\u00eds Aracil Do Latim \u00e0s L\u00ednguas Nacionais (2004). La seva dedicaci\u00f3 liter\u00e0ria s\u2019ha manifestat a trav\u00e9s dels poemaris Despossessi\u00f3 (2002), La nit en blanc (2011), Signes antipersona (Contra la poesia) (2016) i dels reculls d\u2019aforismes Submarins de butxaca (2008) Sic transit gloria, mindundi (2015) i Estelles sota les ungles (2024).\" \/>\n<meta property=\"og:url\" content=\"https:\/\/www.salze.cat\/en\/product\/la-llavor-en-la-fosca-de-josep-j-conill\/\" \/>\n<meta property=\"og:site_name\" content=\"Salze Editorial\" \/>\n<meta property=\"article:publisher\" content=\"https:\/\/www.facebook.com\/salzeeditorial\" \/>\n<meta property=\"article:modified_time\" content=\"2026-02-02T20:02:41+00:00\" \/>\n<meta property=\"og:image\" content=\"https:\/\/www.salze.cat\/wp-content\/uploads\/2025\/06\/flors-del-ma-salze-num-1-les-flors-del-mal-conill-josep-scaled.jpg\" \/>\n\t<meta property=\"og:image:width\" content=\"1639\" \/>\n\t<meta property=\"og:image:height\" content=\"2560\" \/>\n\t<meta property=\"og:image:type\" content=\"image\/jpeg\" \/>\n<meta name=\"twitter:card\" content=\"summary_large_image\" \/>\n<meta name=\"twitter:site\" content=\"@SalzeEditorial\" \/>\n<meta name=\"twitter:label1\" content=\"Estimated reading time\" \/>\n\t<meta name=\"twitter:data1\" content=\"1 minute\" \/>\n<script type=\"application\/ld+json\" class=\"yoast-schema-graph\">{\"@context\":\"https:\\\/\\\/schema.org\",\"@graph\":[{\"@type\":\"WebPage\",\"@id\":\"https:\\\/\\\/www.salze.cat\\\/producte\\\/la-llavor-en-la-fosca-de-josep-j-conill\\\/\",\"url\":\"https:\\\/\\\/www.salze.cat\\\/producte\\\/la-llavor-en-la-fosca-de-josep-j-conill\\\/\",\"name\":\"La llavor en la fosca, de Josep J. Conill : Salze Editorial\",\"isPartOf\":{\"@id\":\"https:\\\/\\\/www.salze.cat\\\/#website\"},\"primaryImageOfPage\":{\"@id\":\"https:\\\/\\\/www.salze.cat\\\/producte\\\/la-llavor-en-la-fosca-de-josep-j-conill\\\/#primaryimage\"},\"image\":{\"@id\":\"https:\\\/\\\/www.salze.cat\\\/producte\\\/la-llavor-en-la-fosca-de-josep-j-conill\\\/#primaryimage\"},\"thumbnailUrl\":\"https:\\\/\\\/www.salze.cat\\\/wp-content\\\/uploads\\\/2025\\\/06\\\/flors-del-ma-salze-num-1-les-flors-del-mal-conill-josep-scaled.jpg\",\"datePublished\":\"2025-06-17T08:20:36+00:00\",\"dateModified\":\"2026-02-02T20:02:41+00:00\",\"breadcrumb\":{\"@id\":\"https:\\\/\\\/www.salze.cat\\\/producte\\\/la-llavor-en-la-fosca-de-josep-j-conill\\\/#breadcrumb\"},\"inLanguage\":\"en-GB\",\"potentialAction\":[{\"@type\":\"ReadAction\",\"target\":[\"https:\\\/\\\/www.salze.cat\\\/producte\\\/la-llavor-en-la-fosca-de-josep-j-conill\\\/\"]}]},{\"@type\":\"ImageObject\",\"inLanguage\":\"en-GB\",\"@id\":\"https:\\\/\\\/www.salze.cat\\\/producte\\\/la-llavor-en-la-fosca-de-josep-j-conill\\\/#primaryimage\",\"url\":\"https:\\\/\\\/www.salze.cat\\\/wp-content\\\/uploads\\\/2025\\\/06\\\/flors-del-ma-salze-num-1-les-flors-del-mal-conill-josep-scaled.jpg\",\"contentUrl\":\"https:\\\/\\\/www.salze.cat\\\/wp-content\\\/uploads\\\/2025\\\/06\\\/flors-del-ma-salze-num-1-les-flors-del-mal-conill-josep-scaled.jpg\",\"width\":1639,\"height\":2560,\"caption\":\"01-la-llavor-en-la-fosca-josep-j-conill\"},{\"@type\":\"BreadcrumbList\",\"@id\":\"https:\\\/\\\/www.salze.cat\\\/producte\\\/la-llavor-en-la-fosca-de-josep-j-conill\\\/#breadcrumb\",\"itemListElement\":[{\"@type\":\"ListItem\",\"position\":1,\"name\":\"Inici\",\"item\":\"https:\\\/\\\/www.salze.cat\\\/\"},{\"@type\":\"ListItem\",\"position\":2,\"name\":\"Botiga\",\"item\":\"https:\\\/\\\/www.salze.cat\\\/botiga\\\/\"},{\"@type\":\"ListItem\",\"position\":3,\"name\":\"La llavor en la fosca, de Josep J. Conill\"}]},{\"@type\":\"WebSite\",\"@id\":\"https:\\\/\\\/www.salze.cat\\\/#website\",\"url\":\"https:\\\/\\\/www.salze.cat\\\/\",\"name\":\"Salze Editorial\",\"description\":\"Segell de traducci\u00f3 de poesia al catal\u00e0\",\"publisher\":{\"@id\":\"https:\\\/\\\/www.salze.cat\\\/#organization\"},\"potentialAction\":[{\"@type\":\"SearchAction\",\"target\":{\"@type\":\"EntryPoint\",\"urlTemplate\":\"https:\\\/\\\/www.salze.cat\\\/?s={search_term_string}\"},\"query-input\":{\"@type\":\"PropertyValueSpecification\",\"valueRequired\":true,\"valueName\":\"search_term_string\"}}],\"inLanguage\":\"en-GB\"},{\"@type\":\"Organization\",\"@id\":\"https:\\\/\\\/www.salze.cat\\\/#organization\",\"name\":\"Salze Editorial\",\"url\":\"https:\\\/\\\/www.salze.cat\\\/\",\"logo\":{\"@type\":\"ImageObject\",\"inLanguage\":\"en-GB\",\"@id\":\"https:\\\/\\\/www.salze.cat\\\/#\\\/schema\\\/logo\\\/image\\\/\",\"url\":\"https:\\\/\\\/www.salze.cat\\\/wp-content\\\/uploads\\\/2021\\\/05\\\/Salze-Logo.png\",\"contentUrl\":\"https:\\\/\\\/www.salze.cat\\\/wp-content\\\/uploads\\\/2021\\\/05\\\/Salze-Logo.png\",\"width\":1600,\"height\":1600,\"caption\":\"Salze Editorial\"},\"image\":{\"@id\":\"https:\\\/\\\/www.salze.cat\\\/#\\\/schema\\\/logo\\\/image\\\/\"},\"sameAs\":[\"https:\\\/\\\/www.facebook.com\\\/salzeeditorial\",\"https:\\\/\\\/x.com\\\/SalzeEditorial\",\"https:\\\/\\\/www.instagram.com\\\/salzeeditorial\\\/\"]}]}<\/script>\n<!-- \/ Yoast SEO plugin. -->","yoast_head_json":{"title":"La llavor en la fosca, de Josep J. Conill : Salze Editorial","robots":{"index":"index","follow":"follow","max-snippet":"max-snippet:-1","max-image-preview":"max-image-preview:large","max-video-preview":"max-video-preview:-1"},"canonical":"https:\/\/www.salze.cat\/en\/product\/la-llavor-en-la-fosca-de-josep-j-conill\/","og_locale":"en_GB","og_type":"article","og_title":"La llavor en la fosca, de Josep J. Conill : Salze Editorial","og_description":"\u00abCerquem una resposta, no la ra\u00f3 solemne de l\u2019evoluci\u00f3, nom\u00e9s la llavor fosca que ens empeny a combatre\u2019ns cap a l\u2019avenc dels somnis\u00bb  La llavor en la fosca\u00a0\u00e9s un llibre de poemes sobre les adversitats inherents a la condici\u00f3 humana, en forma d\u2019imitacions de la vida, en sis seccions. Germina en l\u2019enigma de l\u2019expressi\u00f3 com un despertar al malson de la interioritat, arrela esperonat per l\u2019exaltaci\u00f3 de l\u2019amor i el sexe, i brosta, ple de lucidesa, en una indagaci\u00f3 de l\u2019absurda estult\u00edcia de no poques relacions personals, abocades a la decad\u00e8ncia i la mort. El sentiment de la caducitat de la pr\u00f2pia exist\u00e8ncia s\u2019hi veu anticipat de manera punyent per la defunci\u00f3 de familiars, un tr\u00e0nsit que culmina, sota el signe de la mort de D\u00e9u, en la irrupci\u00f3 de la hist\u00f2ria i un al\u00b7legat final contra la barb\u00e0rie dels temps actuals.  Josep\u2006J.\u2005Conill (Castell\u00f3 de la Plana, 1961) \u00e9s soci\u00f2leg del llenguatge, cr\u00edtic cultural i escriptor. Els seus articles han vist la llum en revistes com T\u2009S\u2009C, Caplletra o L\u2019Espill. Tamb\u00e9 \u00e9s autor dels llibres Del conflicte ling\u00fc\u00edstic a l\u2019autogesti\u00f3 (2007) i Entre Calimero i Superman. Una pol\u00edtica ling\u00fc\u00edstica per al catal\u00e0 (2012), i ha editat en dos volums l\u2019obra del poeta castellonenc Maximi\u00e0 Alloza i el llibre de Llu\u00eds Aracil Do Latim \u00e0s L\u00ednguas Nacionais (2004). La seva dedicaci\u00f3 liter\u00e0ria s\u2019ha manifestat a trav\u00e9s dels poemaris Despossessi\u00f3 (2002), La nit en blanc (2011), Signes antipersona (Contra la poesia) (2016) i dels reculls d\u2019aforismes Submarins de butxaca (2008) Sic transit gloria, mindundi (2015) i Estelles sota les ungles (2024).","og_url":"https:\/\/www.salze.cat\/en\/product\/la-llavor-en-la-fosca-de-josep-j-conill\/","og_site_name":"Salze Editorial","article_publisher":"https:\/\/www.facebook.com\/salzeeditorial","article_modified_time":"2026-02-02T20:02:41+00:00","og_image":[{"width":1639,"height":2560,"url":"https:\/\/www.salze.cat\/wp-content\/uploads\/2025\/06\/flors-del-ma-salze-num-1-les-flors-del-mal-conill-josep-scaled.jpg","type":"image\/jpeg"}],"twitter_card":"summary_large_image","twitter_site":"@SalzeEditorial","twitter_misc":{"Estimated reading time":"1 minute"},"schema":{"@context":"https:\/\/schema.org","@graph":[{"@type":"WebPage","@id":"https:\/\/www.salze.cat\/producte\/la-llavor-en-la-fosca-de-josep-j-conill\/","url":"https:\/\/www.salze.cat\/producte\/la-llavor-en-la-fosca-de-josep-j-conill\/","name":"La llavor en la fosca, de Josep J. Conill : Salze Editorial","isPartOf":{"@id":"https:\/\/www.salze.cat\/#website"},"primaryImageOfPage":{"@id":"https:\/\/www.salze.cat\/producte\/la-llavor-en-la-fosca-de-josep-j-conill\/#primaryimage"},"image":{"@id":"https:\/\/www.salze.cat\/producte\/la-llavor-en-la-fosca-de-josep-j-conill\/#primaryimage"},"thumbnailUrl":"https:\/\/www.salze.cat\/wp-content\/uploads\/2025\/06\/flors-del-ma-salze-num-1-les-flors-del-mal-conill-josep-scaled.jpg","datePublished":"2025-06-17T08:20:36+00:00","dateModified":"2026-02-02T20:02:41+00:00","breadcrumb":{"@id":"https:\/\/www.salze.cat\/producte\/la-llavor-en-la-fosca-de-josep-j-conill\/#breadcrumb"},"inLanguage":"en-GB","potentialAction":[{"@type":"ReadAction","target":["https:\/\/www.salze.cat\/producte\/la-llavor-en-la-fosca-de-josep-j-conill\/"]}]},{"@type":"ImageObject","inLanguage":"en-GB","@id":"https:\/\/www.salze.cat\/producte\/la-llavor-en-la-fosca-de-josep-j-conill\/#primaryimage","url":"https:\/\/www.salze.cat\/wp-content\/uploads\/2025\/06\/flors-del-ma-salze-num-1-les-flors-del-mal-conill-josep-scaled.jpg","contentUrl":"https:\/\/www.salze.cat\/wp-content\/uploads\/2025\/06\/flors-del-ma-salze-num-1-les-flors-del-mal-conill-josep-scaled.jpg","width":1639,"height":2560,"caption":"01-la-llavor-en-la-fosca-josep-j-conill"},{"@type":"BreadcrumbList","@id":"https:\/\/www.salze.cat\/producte\/la-llavor-en-la-fosca-de-josep-j-conill\/#breadcrumb","itemListElement":[{"@type":"ListItem","position":1,"name":"Inici","item":"https:\/\/www.salze.cat\/"},{"@type":"ListItem","position":2,"name":"Botiga","item":"https:\/\/www.salze.cat\/botiga\/"},{"@type":"ListItem","position":3,"name":"La llavor en la fosca, de Josep J. Conill"}]},{"@type":"WebSite","@id":"https:\/\/www.salze.cat\/#website","url":"https:\/\/www.salze.cat\/","name":"Salze Editorial","description":"Segell de traducci\u00f3 de poesia al catal\u00e0","publisher":{"@id":"https:\/\/www.salze.cat\/#organization"},"potentialAction":[{"@type":"SearchAction","target":{"@type":"EntryPoint","urlTemplate":"https:\/\/www.salze.cat\/?s={search_term_string}"},"query-input":{"@type":"PropertyValueSpecification","valueRequired":true,"valueName":"search_term_string"}}],"inLanguage":"en-GB"},{"@type":"Organization","@id":"https:\/\/www.salze.cat\/#organization","name":"Salze Editorial","url":"https:\/\/www.salze.cat\/","logo":{"@type":"ImageObject","inLanguage":"en-GB","@id":"https:\/\/www.salze.cat\/#\/schema\/logo\/image\/","url":"https:\/\/www.salze.cat\/wp-content\/uploads\/2021\/05\/Salze-Logo.png","contentUrl":"https:\/\/www.salze.cat\/wp-content\/uploads\/2021\/05\/Salze-Logo.png","width":1600,"height":1600,"caption":"Salze Editorial"},"image":{"@id":"https:\/\/www.salze.cat\/#\/schema\/logo\/image\/"},"sameAs":["https:\/\/www.facebook.com\/salzeeditorial","https:\/\/x.com\/SalzeEditorial","https:\/\/www.instagram.com\/salzeeditorial\/"]}]}},"jetpack_sharing_enabled":true,"_links":{"self":[{"href":"https:\/\/www.salze.cat\/en\/wp-json\/wp\/v2\/product\/3035","targetHints":{"allow":["GET"]}}],"collection":[{"href":"https:\/\/www.salze.cat\/en\/wp-json\/wp\/v2\/product"}],"about":[{"href":"https:\/\/www.salze.cat\/en\/wp-json\/wp\/v2\/types\/product"}],"replies":[{"embeddable":true,"href":"https:\/\/www.salze.cat\/en\/wp-json\/wp\/v2\/comments?post=3035"}],"wp:featuredmedia":[{"embeddable":true,"href":"https:\/\/www.salze.cat\/en\/wp-json\/wp\/v2\/media\/3036"}],"wp:attachment":[{"href":"https:\/\/www.salze.cat\/en\/wp-json\/wp\/v2\/media?parent=3035"}],"wp:term":[{"taxonomy":"product_brand","embeddable":true,"href":"https:\/\/www.salze.cat\/en\/wp-json\/wp\/v2\/product_brand?post=3035"},{"taxonomy":"product_cat","embeddable":true,"href":"https:\/\/www.salze.cat\/en\/wp-json\/wp\/v2\/product_cat?post=3035"},{"taxonomy":"product_tag","embeddable":true,"href":"https:\/\/www.salze.cat\/en\/wp-json\/wp\/v2\/product_tag?post=3035"}],"curies":[{"name":"wp","href":"https:\/\/api.w.org\/{rel}","templated":true}]}}