{"id":528,"date":"2020-09-14T17:18:40","date_gmt":"2020-09-14T17:18:40","guid":{"rendered":"https:\/\/www.salze.cat\/?page_id=528"},"modified":"2024-02-19T18:20:11","modified_gmt":"2024-02-19T18:20:11","slug":"editorial","status":"publish","type":"page","link":"https:\/\/www.salze.cat\/en\/editorial\/","title":{"rendered":"Arrels"},"content":{"rendered":"<div id=\"about-text\"  data-column-margin=\"default\" data-midnight=\"dark\" data-bottom-percent=\"1%\"  class=\"wpb_row vc_row-fluid vc_row has-row-bg-color vc_row-o-equal-height vc_row-flex  right_padding_2pct left_padding_2pct\"  style=\"padding-top: 0px; padding-bottom: calc(100vw * 0.01); --row-bg-color: #ffffff;\"><div class=\"row-bg-wrap\" data-bg-animation=\"none\" data-bg-animation-delay=\"\" data-bg-overlay=\"false\"><div class=\"inner-wrap row-bg-layer\" ><div class=\"row-bg viewport-desktop using-bg-color\"  style=\"background-color: #ffffff; \"><\/div><\/div><\/div><div class=\"row_col_wrap_12 col span_12 dark left\">\n\t<div  class=\"vc_col-sm-12 wpb_column column_container vc_column_container col has-animation no-extra-padding inherit_tablet inherit_phone\"  data-padding-pos=\"all\" data-has-bg-color=\"false\" data-bg-color=\"\" data-bg-opacity=\"1\" data-animation=\"fade-in-from-bottom\" data-delay=\"0\" >\n\t\t<div class=\"vc_column-inner\" >\n\t\t\t<div class=\"wpb_wrapper\">\n\t\t\t\t\n<div class=\"wpb_text_column wpb_content_element  vc_custom_1641408755429\" >\n\t<h2 style=\"text-align: center;\">Salze Editorial som&#8230;<\/h2>\n<\/div>\n\n\n\n<div class=\"divider-wrap\" data-alignment=\"default\"><div style=\"margin-top: 2.5px; height: 1px; margin-bottom: 2.5px;\" data-width=\"100%\" data-animate=\"yes\" data-animation-delay=\"\" data-color=\"default\" class=\"divider-border\"><\/div><\/div><div id=\"fws_6a05bd92171d4\" data-midnight=\"\" data-column-margin=\"default\" class=\"wpb_row vc_row-fluid vc_row inner_row\"  style=\"padding-bottom: 3%; \"><div class=\"row-bg-wrap\"> <div class=\"row-bg\" ><\/div> <\/div><div class=\"row_col_wrap_12_inner col span_12  left\">\n\t<div  class=\"vc_col-sm-6 wpb_column column_container vc_column_container col child_column has-animation padding-3-percent inherit_tablet inherit_phone\"   data-padding-pos=\"top-bottom\" data-has-bg-color=\"false\" data-bg-color=\"\" data-bg-opacity=\"1\" data-animation=\"fade-in-from-bottom\" data-delay=\"0\" >\n\t\t<div class=\"vc_column-inner\" >\n\t\t<div class=\"wpb_wrapper\">\n\t\t\t\n<div class=\"wpb_text_column wpb_content_element  vc_custom_1641408678474\" >\n\t<h3>Marta Vilardaga<\/h3>\n<\/div>\n\n\n\n\n<div class=\"wpb_text_column wpb_content_element  vc_custom_1641408769700\" >\n\t<p>\u00c9s poeta, traductora, coeditora a Salze Editorial, llicenciada en Humanitats i empres\u00e0ria en el sector ramader.\u00a0Ha tradu\u00eft de l\u2019itali\u00e0 al catal\u00e0 l\u2019antologia <em>Porta\u2019m amb tu <\/em>d\u2019Attilio Bertolucci (Salze Editorial, 2021) juntament amb Josep Porcar i el llibre de poemes <em>Paraula de tenebra<\/em> de Federico Federici (Libri della Neve, 2018). Guanyadora del XXV\u00e8 Premi de Poesia Marc Granell amb el recull <i>Una cadira en la boira<\/i> que Edicions 96 publicar\u00e0 a la col\u00b7lecci\u00f3 Razef durant l\u2019any 2022. Ha estat dinamitzadora cultural al Festival de Filosofia\u00a0<em>Barcelona Pensa<\/em>.\u00a0\u00c9s membre de l\u2019associaci\u00f3 d\u2019escriptors i escriptores El Pont Cooperativa de Lletres. Publica al blog <strong><em><a href=\"https:\/\/amagatalldelletres.wordpress.com\" target=\"_blank\" rel=\"noopener\">Amagatall de lletres<\/a><\/em><\/strong>.<\/p>\n<\/div>\n\n\n\n<div class=\"nectar_icon_wrap\" data-style=\"default\" data-padding=\"20px\" data-color=\"accent-color\" style=\"margin-top: 20px; \" >\n\t\t<div class=\"nectar_icon\" ><a href=\"https:\/\/www.instagram.com\/clarianes_\/\" target=\"_blank\"><\/a><i style=\"font-size: 32px; line-height: 32px; height: 32px; width: 32px;\" class=\"fa fa-instagram\"><\/i><\/div>\n\t<\/div>\n\t\t<\/div> \n\t<\/div>\n\t<\/div> \n\n\t<div  class=\"vc_col-sm-6 wpb_column column_container vc_column_container col child_column has-animation padding-3-percent inherit_tablet inherit_phone\"   data-padding-pos=\"top-bottom\" data-has-bg-color=\"false\" data-bg-color=\"\" data-bg-opacity=\"1\" data-animation=\"fade-in-from-bottom\" data-delay=\"100\" >\n\t\t<div class=\"vc_column-inner\" >\n\t\t<div class=\"wpb_wrapper\">\n\t\t\t\n<div class=\"wpb_text_column wpb_content_element  vc_custom_1641408803010\" >\n\t<h3>Josep Porcar<\/h3>\n<\/div>\n\n\n\n\n<div class=\"wpb_text_column wpb_content_element  vc_custom_1708366801968\" >\n\t<p>\u00c9s poeta, periodista i treballa en la comunicaci\u00f3 gr\u00e0fica i editorial. Entre els seus llibres, destaquen <i>Llambreig<\/i> (Tria Llibres, 2014, Premi de la Cr\u00edtica dels Escriptors Valencians), <em>Anys llum\u00a0<\/em>(Onada, 2019, XXI Premi Ciutat de Sagunt) i <em>Els focs ign\u00edfugs<\/em> (Godall, 2023). Pioner en la creaci\u00f3 de videopoesia, ha tradu\u00eft al catal\u00e0 \u2013i a seq\u00fc\u00e8ncies cinematogr\u00e0fiques\u2013 peces clau de la poesia universal contempor\u00e0nia que poden ser visionades al seu blog <strong><a href=\"https:\/\/www.porcar.net\" target=\"_blank\" rel=\"noopener\"><em>Salms<\/em><\/a><\/strong>. \u00c9s membre fundador d\u2019El Pont Cooperativa de Lletres, entitat que associa escriptors del nord del Pa\u00eds Valenci\u00e0.<\/p>\n<\/div>\n\n\n\n<div class=\"nectar_icon_wrap\" data-style=\"default\" data-padding=\"20px\" data-color=\"accent-color\" style=\"margin-top: 20px; \" >\n\t\t<div class=\"nectar_icon\" ><a href=\"https:\/\/www.twitter.com\/llambreig\" target=\"_blank\"><\/a><i style=\"font-size: 32px; line-height: 32px; height: 32px; width: 32px;\" class=\"fa fa-twitter-square\"><\/i><\/div>\n\t<\/div>\n\t\t<\/div> \n\t<\/div>\n\t<\/div> \n<\/div><\/div>\n\t\t\t<\/div> \n\t\t<\/div>\n\t<\/div> \n<\/div><\/div>\n\t\t<div id=\"fws_6a05bd92189c3\"  data-column-margin=\"default\" data-midnight=\"light\" data-top-percent=\"15%\" data-bottom-percent=\"15%\"  class=\"wpb_row vc_row-fluid vc_row full-width-section has-row-bg-color  bottom_margin_0px\"  style=\"padding-top: calc(100vw * 0.15); padding-bottom: calc(100vw * 0.15); --row-bg-color: #333333;\"><div class=\"row-bg-wrap\" data-bg-animation=\"none\" data-bg-animation-delay=\"\" data-bg-overlay=\"true\"><div class=\"inner-wrap row-bg-layer using-image\" ><div class=\"row-bg viewport-desktop using-image using-bg-color\"  style=\"background-image: url(https:\/\/www.salze.cat\/wp-content\/uploads\/2022\/01\/ptiroig-salze-scaled.jpg); background-position: center center; background-repeat: no-repeat; background-color: #333333; \"><\/div><\/div><div class=\"row-bg-overlay row-bg-layer\" style=\"background: rgba(10,10,10,0.2); background: linear-gradient(90deg,rgba(10,10,10,0.2) 0%,#000000 100%);  opacity: 1; \"><\/div><\/div><div class=\"row_col_wrap_12 col span_12 light left\">\n\t<div  class=\"vc_col-sm-6 wpb_column column_container vc_column_container col no-extra-padding inherit_tablet inherit_phone\"  data-padding-pos=\"all\" data-has-bg-color=\"false\" data-bg-color=\"\" data-bg-opacity=\"1\" data-animation=\"\" data-delay=\"0\" >\n\t\t<div class=\"vc_column-inner\" >\n\t\t\t<div class=\"wpb_wrapper\">\n\t\t\t\t\n\t\t\t<\/div> \n\t\t<\/div>\n\t<\/div> \n\n\t<div  class=\"vc_col-sm-6 wpb_column column_container vc_column_container col no-extra-padding inherit_tablet inherit_phone\"  data-padding-pos=\"all\" data-has-bg-color=\"false\" data-bg-color=\"\" data-bg-opacity=\"1\" data-animation=\"\" data-delay=\"0\" >\n\t\t<div class=\"vc_column-inner\" >\n\t\t\t<div class=\"wpb_wrapper\">\n\t\t\t\t<div class=\"nectar-split-heading\" data-align=\"default\" data-m-align=\"inherit\" data-text-effect=\"default\" data-animation-type=\"line-reveal-by-space\" data-animation-delay=\"0\" data-animation-offset=\"\" data-m-rm-animation=\"\" data-stagger=\"\" data-custom-font-size=\"false\" ><h2 >Tradueixes poesia?<br \/>\nTens un projecte de traducci\u00f3?<\/h2><\/div><div id=\"fws_6a05bd9219432\" data-midnight=\"\" data-column-margin=\"default\" class=\"wpb_row vc_row-fluid vc_row inner_row\"  style=\"\"><div class=\"row-bg-wrap\"> <div class=\"row-bg\" ><\/div> <\/div><div class=\"row_col_wrap_12_inner col span_12  left\">\n\t<div  class=\"vc_col-sm-12 wpb_column column_container vc_column_container col child_column has-animation no-extra-padding inherit_tablet inherit_phone\"   data-padding-pos=\"all\" data-has-bg-color=\"false\" data-bg-color=\"\" data-bg-opacity=\"1\" data-animation=\"fade-in-from-bottom\" data-delay=\"300\" >\n\t\t<div class=\"vc_column-inner\" >\n\t\t<div class=\"wpb_wrapper\">\n\t\t\t<p style=\"color: rgba(255,255,255,0.7);text-align: left\" class=\"vc_custom_heading vc_do_custom_heading wpb_animate_when_almost_visible wpb_fadeIn fadeIn\" >Ens interessen veus de fa anys afora celebrades, o considerades si m\u00e9s no, amb una po\u00e8tica reveladora, aut\u00e8ntica i diferenciada que est\u00e0 deixant o ja ha deixat rastre en generacions posteriors, per\u00f2 que encara no ens han arribat en llengua catalana.<\/p>\n\t\t<\/div> \n\t<\/div>\n\t<\/div> \n<\/div><\/div><div id=\"fws_6a05bd9219b71\" data-midnight=\"\" data-column-margin=\"default\" class=\"wpb_row vc_row-fluid vc_row inner_row\"  style=\"padding-top: 30px; \"><div class=\"row-bg-wrap\"> <div class=\"row-bg\" ><\/div> <\/div><div class=\"row_col_wrap_12_inner col span_12  left\">\n\t<div  class=\"vc_col-sm-12 wpb_column column_container vc_column_container col child_column has-animation no-extra-padding inherit_tablet inherit_phone\"   data-padding-pos=\"all\" data-has-bg-color=\"false\" data-bg-color=\"\" data-bg-opacity=\"1\" data-animation=\"fade-in-from-bottom\" data-delay=\"500\" >\n\t\t<div class=\"vc_column-inner\" >\n\t\t<div class=\"wpb_wrapper\">\n\t\t\t<a class=\"nectar-button jumbo regular accent-color  wpb_animate_when_almost_visible wpb_flipInY flipInY regular-button\"  role=\"button\" style=\"\"  href=\"\/traductors\/\" data-color-override=\"false\" data-hover-color-override=\"false\" data-hover-text-color-override=\"#fff\"><span>Saber-ne m\u00e9s<\/span><\/a>\n\t\t<\/div> \n\t<\/div>\n\t<\/div> \n<\/div><\/div>\n\t\t\t<\/div> \n\t\t<\/div>\n\t<\/div> \n<\/div><\/div>\n\t\t<div id=\"fws_6a05bd921a457\"  data-column-margin=\"default\" data-midnight=\"light\"  class=\"wpb_row vc_row-fluid vc_row full-width-section has-row-bg-color\"  style=\"padding-top: 0px; padding-bottom: 0px; --row-bg-color: #000000;\"><div class=\"row-bg-wrap\" data-bg-animation=\"none\" data-bg-animation-delay=\"\" data-bg-overlay=\"false\"><div class=\"inner-wrap row-bg-layer\" ><div class=\"row-bg viewport-desktop using-bg-color\"  style=\"background-color: #000000; \"><\/div><\/div><\/div><div class=\"row_col_wrap_12 col span_12 light left\">\n\t<div  class=\"vc_col-sm-12 wpb_column column_container vc_column_container col no-extra-padding inherit_tablet inherit_phone\"  data-padding-pos=\"all\" data-has-bg-color=\"false\" data-bg-color=\"\" data-bg-opacity=\"1\" data-animation=\"\" data-delay=\"0\" >\n\t\t<div class=\"vc_column-inner\" style=\"transform:  translateY(-50%);\">\n\t\t\t<div class=\"wpb_wrapper\">\n\t\t\t\t\n\t\t\t<\/div> \n\t\t<\/div>\n\t<\/div> \n<\/div><\/div>","protected":false},"excerpt":{"rendered":"Salze Editorial som... Marta Vilardaga \u00c9s poeta, traductora, coeditora a Salze Editorial, llicenciada en Humanitats...","protected":false},"author":1,"featured_media":93,"parent":0,"menu_order":0,"comment_status":"closed","ping_status":"closed","template":"","meta":{"_joinchat":[],"footnotes":""},"class_list":["post-528","page","type-page","status-publish","has-post-thumbnail"],"yoast_head":"<!-- This site is optimized with the Yoast SEO plugin v27.6 - https:\/\/yoast.com\/product\/yoast-seo-wordpress\/ -->\n<title>Arrels : Salze Editorial<\/title>\n<meta name=\"robots\" content=\"index, follow, max-snippet:-1, max-image-preview:large, max-video-preview:-1\" \/>\n<link rel=\"canonical\" href=\"https:\/\/www.salze.cat\/en\/editorial\/\" \/>\n<meta property=\"og:locale\" content=\"en_GB\" \/>\n<meta property=\"og:type\" content=\"article\" \/>\n<meta property=\"og:title\" content=\"Arrels : Salze Editorial\" \/>\n<meta property=\"og:url\" content=\"https:\/\/www.salze.cat\/en\/editorial\/\" \/>\n<meta property=\"og:site_name\" content=\"Salze Editorial\" \/>\n<meta property=\"article:publisher\" content=\"https:\/\/www.facebook.com\/salzeeditorial\" \/>\n<meta property=\"article:modified_time\" content=\"2024-02-19T18:20:11+00:00\" \/>\n<meta property=\"og:image\" content=\"https:\/\/www.salze.cat\/wp-content\/uploads\/2020\/06\/salze2.jpg\" \/>\n\t<meta property=\"og:image:width\" content=\"2000\" \/>\n\t<meta property=\"og:image:height\" content=\"1482\" \/>\n\t<meta property=\"og:image:type\" content=\"image\/jpeg\" \/>\n<meta name=\"twitter:card\" content=\"summary_large_image\" \/>\n<meta name=\"twitter:site\" content=\"@SalzeEditorial\" \/>\n<meta name=\"twitter:label1\" content=\"Estimated reading time\" \/>\n\t<meta name=\"twitter:data1\" content=\"4 minutes\" \/>\n<script type=\"application\/ld+json\" class=\"yoast-schema-graph\">{\"@context\":\"https:\\\/\\\/schema.org\",\"@graph\":[{\"@type\":\"WebPage\",\"@id\":\"https:\\\/\\\/www.salze.cat\\\/editorial\\\/\",\"url\":\"https:\\\/\\\/www.salze.cat\\\/editorial\\\/\",\"name\":\"Arrels : Salze Editorial\",\"isPartOf\":{\"@id\":\"https:\\\/\\\/www.salze.cat\\\/#website\"},\"primaryImageOfPage\":{\"@id\":\"https:\\\/\\\/www.salze.cat\\\/editorial\\\/#primaryimage\"},\"image\":{\"@id\":\"https:\\\/\\\/www.salze.cat\\\/editorial\\\/#primaryimage\"},\"thumbnailUrl\":\"https:\\\/\\\/www.salze.cat\\\/wp-content\\\/uploads\\\/2020\\\/06\\\/salze2.jpg\",\"datePublished\":\"2020-09-14T17:18:40+00:00\",\"dateModified\":\"2024-02-19T18:20:11+00:00\",\"breadcrumb\":{\"@id\":\"https:\\\/\\\/www.salze.cat\\\/editorial\\\/#breadcrumb\"},\"inLanguage\":\"en-GB\",\"potentialAction\":[{\"@type\":\"ReadAction\",\"target\":[\"https:\\\/\\\/www.salze.cat\\\/editorial\\\/\"]}]},{\"@type\":\"ImageObject\",\"inLanguage\":\"en-GB\",\"@id\":\"https:\\\/\\\/www.salze.cat\\\/editorial\\\/#primaryimage\",\"url\":\"https:\\\/\\\/www.salze.cat\\\/wp-content\\\/uploads\\\/2020\\\/06\\\/salze2.jpg\",\"contentUrl\":\"https:\\\/\\\/www.salze.cat\\\/wp-content\\\/uploads\\\/2020\\\/06\\\/salze2.jpg\",\"width\":2000,\"height\":1482},{\"@type\":\"BreadcrumbList\",\"@id\":\"https:\\\/\\\/www.salze.cat\\\/editorial\\\/#breadcrumb\",\"itemListElement\":[{\"@type\":\"ListItem\",\"position\":1,\"name\":\"Inici\",\"item\":\"https:\\\/\\\/www.salze.cat\\\/\"},{\"@type\":\"ListItem\",\"position\":2,\"name\":\"Arrels\"}]},{\"@type\":\"WebSite\",\"@id\":\"https:\\\/\\\/www.salze.cat\\\/#website\",\"url\":\"https:\\\/\\\/www.salze.cat\\\/\",\"name\":\"Salze Editorial\",\"description\":\"Segell de traducci\u00f3 de poesia al catal\u00e0\",\"publisher\":{\"@id\":\"https:\\\/\\\/www.salze.cat\\\/#organization\"},\"potentialAction\":[{\"@type\":\"SearchAction\",\"target\":{\"@type\":\"EntryPoint\",\"urlTemplate\":\"https:\\\/\\\/www.salze.cat\\\/?s={search_term_string}\"},\"query-input\":{\"@type\":\"PropertyValueSpecification\",\"valueRequired\":true,\"valueName\":\"search_term_string\"}}],\"inLanguage\":\"en-GB\"},{\"@type\":\"Organization\",\"@id\":\"https:\\\/\\\/www.salze.cat\\\/#organization\",\"name\":\"Salze Editorial\",\"url\":\"https:\\\/\\\/www.salze.cat\\\/\",\"logo\":{\"@type\":\"ImageObject\",\"inLanguage\":\"en-GB\",\"@id\":\"https:\\\/\\\/www.salze.cat\\\/#\\\/schema\\\/logo\\\/image\\\/\",\"url\":\"https:\\\/\\\/www.salze.cat\\\/wp-content\\\/uploads\\\/2021\\\/05\\\/Salze-Logo.png\",\"contentUrl\":\"https:\\\/\\\/www.salze.cat\\\/wp-content\\\/uploads\\\/2021\\\/05\\\/Salze-Logo.png\",\"width\":1600,\"height\":1600,\"caption\":\"Salze Editorial\"},\"image\":{\"@id\":\"https:\\\/\\\/www.salze.cat\\\/#\\\/schema\\\/logo\\\/image\\\/\"},\"sameAs\":[\"https:\\\/\\\/www.facebook.com\\\/salzeeditorial\",\"https:\\\/\\\/x.com\\\/SalzeEditorial\",\"https:\\\/\\\/www.instagram.com\\\/salzeeditorial\\\/\"]}]}<\/script>\n<!-- \/ Yoast SEO plugin. -->","yoast_head_json":{"title":"Arrels : Salze Editorial","robots":{"index":"index","follow":"follow","max-snippet":"max-snippet:-1","max-image-preview":"max-image-preview:large","max-video-preview":"max-video-preview:-1"},"canonical":"https:\/\/www.salze.cat\/en\/editorial\/","og_locale":"en_GB","og_type":"article","og_title":"Arrels : Salze Editorial","og_url":"https:\/\/www.salze.cat\/en\/editorial\/","og_site_name":"Salze Editorial","article_publisher":"https:\/\/www.facebook.com\/salzeeditorial","article_modified_time":"2024-02-19T18:20:11+00:00","og_image":[{"width":2000,"height":1482,"url":"https:\/\/www.salze.cat\/wp-content\/uploads\/2020\/06\/salze2.jpg","type":"image\/jpeg"}],"twitter_card":"summary_large_image","twitter_site":"@SalzeEditorial","twitter_misc":{"Estimated reading time":"4 minutes"},"schema":{"@context":"https:\/\/schema.org","@graph":[{"@type":"WebPage","@id":"https:\/\/www.salze.cat\/editorial\/","url":"https:\/\/www.salze.cat\/editorial\/","name":"Arrels : Salze Editorial","isPartOf":{"@id":"https:\/\/www.salze.cat\/#website"},"primaryImageOfPage":{"@id":"https:\/\/www.salze.cat\/editorial\/#primaryimage"},"image":{"@id":"https:\/\/www.salze.cat\/editorial\/#primaryimage"},"thumbnailUrl":"https:\/\/www.salze.cat\/wp-content\/uploads\/2020\/06\/salze2.jpg","datePublished":"2020-09-14T17:18:40+00:00","dateModified":"2024-02-19T18:20:11+00:00","breadcrumb":{"@id":"https:\/\/www.salze.cat\/editorial\/#breadcrumb"},"inLanguage":"en-GB","potentialAction":[{"@type":"ReadAction","target":["https:\/\/www.salze.cat\/editorial\/"]}]},{"@type":"ImageObject","inLanguage":"en-GB","@id":"https:\/\/www.salze.cat\/editorial\/#primaryimage","url":"https:\/\/www.salze.cat\/wp-content\/uploads\/2020\/06\/salze2.jpg","contentUrl":"https:\/\/www.salze.cat\/wp-content\/uploads\/2020\/06\/salze2.jpg","width":2000,"height":1482},{"@type":"BreadcrumbList","@id":"https:\/\/www.salze.cat\/editorial\/#breadcrumb","itemListElement":[{"@type":"ListItem","position":1,"name":"Inici","item":"https:\/\/www.salze.cat\/"},{"@type":"ListItem","position":2,"name":"Arrels"}]},{"@type":"WebSite","@id":"https:\/\/www.salze.cat\/#website","url":"https:\/\/www.salze.cat\/","name":"Salze Editorial","description":"Segell de traducci\u00f3 de poesia al catal\u00e0","publisher":{"@id":"https:\/\/www.salze.cat\/#organization"},"potentialAction":[{"@type":"SearchAction","target":{"@type":"EntryPoint","urlTemplate":"https:\/\/www.salze.cat\/?s={search_term_string}"},"query-input":{"@type":"PropertyValueSpecification","valueRequired":true,"valueName":"search_term_string"}}],"inLanguage":"en-GB"},{"@type":"Organization","@id":"https:\/\/www.salze.cat\/#organization","name":"Salze Editorial","url":"https:\/\/www.salze.cat\/","logo":{"@type":"ImageObject","inLanguage":"en-GB","@id":"https:\/\/www.salze.cat\/#\/schema\/logo\/image\/","url":"https:\/\/www.salze.cat\/wp-content\/uploads\/2021\/05\/Salze-Logo.png","contentUrl":"https:\/\/www.salze.cat\/wp-content\/uploads\/2021\/05\/Salze-Logo.png","width":1600,"height":1600,"caption":"Salze Editorial"},"image":{"@id":"https:\/\/www.salze.cat\/#\/schema\/logo\/image\/"},"sameAs":["https:\/\/www.facebook.com\/salzeeditorial","https:\/\/x.com\/SalzeEditorial","https:\/\/www.instagram.com\/salzeeditorial\/"]}]}},"jetpack_sharing_enabled":true,"_links":{"self":[{"href":"https:\/\/www.salze.cat\/en\/wp-json\/wp\/v2\/pages\/528","targetHints":{"allow":["GET"]}}],"collection":[{"href":"https:\/\/www.salze.cat\/en\/wp-json\/wp\/v2\/pages"}],"about":[{"href":"https:\/\/www.salze.cat\/en\/wp-json\/wp\/v2\/types\/page"}],"author":[{"embeddable":true,"href":"https:\/\/www.salze.cat\/en\/wp-json\/wp\/v2\/users\/1"}],"replies":[{"embeddable":true,"href":"https:\/\/www.salze.cat\/en\/wp-json\/wp\/v2\/comments?post=528"}],"version-history":[{"count":0,"href":"https:\/\/www.salze.cat\/en\/wp-json\/wp\/v2\/pages\/528\/revisions"}],"wp:featuredmedia":[{"embeddable":true,"href":"https:\/\/www.salze.cat\/en\/wp-json\/wp\/v2\/media\/93"}],"wp:attachment":[{"href":"https:\/\/www.salze.cat\/en\/wp-json\/wp\/v2\/media?parent=528"}],"curies":[{"name":"wp","href":"https:\/\/api.w.org\/{rel}","templated":true}]}}