{"id":3,"date":"2020-06-16T11:32:57","date_gmt":"2020-06-16T11:32:57","guid":{"rendered":"https:\/\/www.salze.cat\/?page_id=3"},"modified":"2024-06-01T19:23:03","modified_gmt":"2024-06-01T19:23:03","slug":"privacy-policy","status":"publish","type":"page","link":"https:\/\/www.salze.cat\/en\/privacy-policy\/","title":{"rendered":"Pol\u00edtica de privadesa"},"content":{"rendered":"<div id=\"fws_6a05bd94858bc\"  data-column-margin=\"default\" data-midnight=\"dark\"  class=\"wpb_row vc_row-fluid vc_row\"  style=\"padding-top: 0px; padding-bottom: 0px; \"><div class=\"row-bg-wrap\" data-bg-animation=\"none\" data-bg-animation-delay=\"\" data-bg-overlay=\"false\"><div class=\"inner-wrap row-bg-layer\" ><div class=\"row-bg viewport-desktop\"  style=\"\"><\/div><\/div><\/div><div class=\"row_col_wrap_12 col span_12 dark left\">\n\t<div  class=\"vc_col-sm-2 wpb_column column_container vc_column_container col no-extra-padding inherit_tablet inherit_phone\"  data-padding-pos=\"all\" data-has-bg-color=\"false\" data-bg-color=\"\" data-bg-opacity=\"1\" data-animation=\"\" data-delay=\"0\" >\n\t\t<div class=\"vc_column-inner\" >\n\t\t\t<div class=\"wpb_wrapper\">\n\t\t\t\t\n\t\t\t<\/div> \n\t\t<\/div>\n\t<\/div> \n\n\t<div  class=\"vc_col-sm-8 wpb_column column_container vc_column_container col no-extra-padding inherit_tablet inherit_phone\"  data-padding-pos=\"all\" data-has-bg-color=\"false\" data-bg-color=\"\" data-bg-opacity=\"1\" data-animation=\"\" data-delay=\"0\" >\n\t\t<div class=\"vc_column-inner\" >\n\t\t\t<div class=\"wpb_wrapper\">\n\t\t\t\t\n<div class=\"wpb_text_column wpb_content_element\" >\n\t<p>En compliment de la Llei 34\/2002, d\u201911 de juliol, de serveis de la societat de la informaci\u00f3 i de comer\u00e7 electr\u00f2nic (LSSI-CE), SALZE EDITORIAL informa que \u00e9s titular del lloc web <a href=\"https:\/\/www.salze.cat\/\" target=\"_blank\" rel=\"noopener noreferrer\">www.salze.cat<\/a>. D\u2019acord amb l\u2019exig\u00e8ncia de l\u2019article 10 d\u2019aquesta llei, SALZE EDITORIAL informa de les dades seg\u00fcents:<\/p>\n<p>El titular d\u2019aquest lloc web \u00e9s SALZE EDITORIAL, amb NIF 18996968A i amb seu al C\/ Sant Roc, 78, 4t, 15a, 12004 Castell\u00f3 de la Plana. L\u2019adre\u00e7a de correu electr\u00f2nic per contactar amb l\u2019empresa \u00e9s: <a href=\"mailto:editorial@salze.cat\" target=\"_blank\" rel=\"noopener noreferrer\">editorial@salze.cat<\/a>.<\/p>\n<p><strong>Usuari i r\u00e8gim de responsabilitats<\/strong><\/p>\n<p>La navegaci\u00f3, l\u2019acc\u00e9s i l\u2019\u00fas d\u2019aquest lloc web de SALZE EDITORIAL confereix la condici\u00f3 d\u2019usuari, per la qual cosa s\u2019accepten, pel fet de navegar pel lloc web de SALZE EDITORIAL, totes les condicions d\u2019\u00fas que s\u2019estableixen en aquest document sense perjudici de l\u2019aplicaci\u00f3 de la corresponent normativa d\u2019obligat compliment legal segons sigui el cas.<\/p>\n<p>El lloc web de SALZE EDITORIAL proporciona gran diversitat d\u2019informaci\u00f3, serveis i dades. L\u2019usuari assumeix la seva responsabilitat en l\u2019\u00fas correcte del lloc web. Aquesta responsabilitat s\u2019estendr\u00e0 a:<\/p>\n<div class=\"pl-5 pr-5\">\n<ul>\n<li>La veracitat i licitud de les informacions aportades per l\u2019usuari en els formularis habilitats per SALZE EDITORIAL per a l\u2019acc\u00e9s a determinats continguts o serveis que ofereix el lloc web.<\/li>\n<li>L\u2019\u00fas de la informaci\u00f3, els serveis i les dades que ofereix SALZE EDITORIAL de forma contr\u00e0ria al que disposen aquestes condicions, la llei, la moral, els bons costums o l\u2019ordre p\u00fablic, o que de qualsevol altra manera puguin suposar una lesi\u00f3 dels drets de tercers o del funcionament del lloc web.<\/li>\n<\/ul>\n<\/div>\n<p><strong>Pol\u00edtica d&#8217;enlla\u00e7os i exempcions de responsabilitat<\/strong><\/p>\n<p>SALZE EDITORIAL no es fa responsable del contingut dels llocs web a qu\u00e8 l\u2019usuari pugui accedir a trav\u00e9s dels enlla\u00e7os establerts al seu lloc web i declara que en cap cas examinar\u00e0 o exercir\u00e0 cap tipus de control sobre el contingut d\u2019altres llocs web de la xarxa. Aix\u00ed mateix, tampoc garanteix la disponibilitat t\u00e8cnica, l\u2019exactitud, la veracitat, la validesa o la legalitat de llocs web aliens a la seva propietat a qu\u00e8 es pugui accedir per mitj\u00e0 dels enlla\u00e7os.<\/p>\n<p>SALZE EDITORIAL declara haver adoptat totes les mesures necess\u00e0ries per evitar qualsevol dany als usuaris del seu lloc web que pogu\u00e9s derivar-se de la navegaci\u00f3 pel seu lloc web. En conseq\u00fc\u00e8ncia, SALZE EDITORIAL no es fa responsable, en cap cas, dels eventuals danys que pogu\u00e9s sofrir l\u2019usuari derivats de la navegaci\u00f3 per internet.<\/p>\n<p><strong>Modificacions<\/strong><\/p>\n<p>SALZE EDITORIAL es reserva el dret a realitzar les modificacions que consideri oportunes, sense previ av\u00eds, al contingut del seu lloc web. Tant pel que fa als continguts i a les condicions d\u2019\u00fas del lloc web com a les condicions generals de contractaci\u00f3. Aquestes modificacions es poden realitzar a trav\u00e9s del seu lloc web mitjan\u00e7ant qualsevol forma admissible en dret i seran d\u2019obligat compliment durant el temps que estiguin publicades al lloc web i fins que no siguin modificades v\u00e0lidament per altres modificacions posteriors.<\/p>\n<p><strong>SERVEIS DE CONTRACTACI\u00d3 PER INTERNET<\/strong><\/p>\n<p>Determinats continguts del lloc web de SALZE EDITORIAL inclouen la possibilitat de contractaci\u00f3 per internet. L\u2019\u00fas d\u2019aquests continguts requereix la lectura i l\u2019acceptaci\u00f3 obligat\u00f2ria de les condicions generals de contractaci\u00f3 establertes a aquest efecte per SALZE EDITORIAL.<\/p>\n<p>SALZE EDITORIAL es reserva el dret a realitzar les modificacions que consideri oportunes, sense previ av\u00eds, al contingut del seu lloc web. Tant pel que fa als continguts com a les condicions d\u2019\u00fas del lloc web. Aquestes modificacions es poden realitzar a trav\u00e9s del seu lloc web mitjan\u00e7ant qualsevol forma admissible en dret i seran d\u2019obligat compliment durant el temps que estiguin publicades al lloc web i fins que no siguin modificades v\u00e0lidament per altres modificacions posteriors.<\/p>\n<p><strong>Reserva de <i>cookies<\/i><\/strong><\/p>\n<p>Una <i>cookie<\/i> \u00e9s un fitxer que es descarrega al vostre ordinador quan accediu a determinats llocs web. Les <i>cookies<\/i> permeten que, entre altres coses, un lloc web emmagatzemi i recuperi informaci\u00f3 sobre els h\u00e0bits de navegaci\u00f3 d\u2019un usuari o del seu equip i, depenent de la informaci\u00f3 que contingui i de com s\u2019utilitzi l\u2019equip, poden utilitzar-se per recon\u00e8ixer l\u2019usuari.<\/p>\n<p>Segons el que disposa l\u2019article 22.2 de la Llei 34\/2002, d\u201911 de juliol, de serveis de la societat de la informaci\u00f3 i de comer\u00e7 electr\u00f2nic (LSSI-CE), pel qual s\u2019ha d\u2019informar els usuaris sobre la utilitzaci\u00f3 de dispositius d\u2019emmagatzematge i recuperaci\u00f3 de dades en equips terminals, SALZE EDITORIAL informa que podeu consultar la nostra pol\u00edtica de <i>cookies<\/i> a l\u2019apartat <a href=\"https:\/\/www.salze.cat\/politica-de-galetes\/\">POL\u00cdTICA DE COOKIES<\/a>.<\/p>\n<p><strong>PROTECCI\u00d3 DE DADES<\/strong><\/p>\n<p>De conformitat amb el que estableix la normativa vigent sobre protecci\u00f3 de dades de car\u00e0cter personal, us informem que les vostres dades s\u2019incorporaran al sistema de tractament titularitat de SALZE EDITORIAL, amb NIF 18996968A i seu al C\/ Sant Roc, 78, 4t, 15a, 12004 Castell\u00f3 de la Plana, amb les finalitats, els terminis de conservaci\u00f3 i les bases leg\u00edtimes que es descriuen a continuaci\u00f3.<\/p>\n<div class=\"mt-5\">\n<p><strong>Finalitat: <\/strong>Gesti\u00f3 de dades dels usuaris de la plataforma.<\/p>\n<p><strong>Termini de conservaci\u00f3: <\/strong>Mentre es mantingui la relaci\u00f3 contractual.<\/p>\n<p><strong>Base leg\u00edtima: <\/strong>L&#8217;execuci\u00f3 d&#8217;un contracte.<\/p>\n<p><strong>Cessions: <\/strong>No es realitzen cessions de dades.<\/p>\n<\/div>\n<div class=\"mt-5\">\n<p><strong>Finalitat: <\/strong>Gesti\u00f3 administrativa, facturaci\u00f3, comptabilitat i obligacions legals.<\/p>\n<p><strong>Termini de conservaci\u00f3: <\/strong>5 anys, en compliment de la Llei general tribut\u00e0ria.<\/p>\n<p><strong>Base leg\u00edtima: <\/strong>El compliment d&#8217;una llei.<\/p>\n<p><strong>Cessions: <\/strong>Les vostres dades es comunicaran, en cas necessari, a l\u2019Ag\u00e8ncia Tribut\u00e0ria, a bancs, caixes i organismes i\/o a l\u2019administraci\u00f3 p\u00fablica competent en la mat\u00e8ria amb la finalitat de complir amb les obligacions tribut\u00e0ries i fiscals establertes a la normativa aplicable. A m\u00e9s, s\u2019informa que la base legitimadora de la cessi\u00f3 \u00e9s el compliment d\u2019una llei.<\/p>\n<\/div>\n<div class=\"mt-5\">\n<p><strong>Finalitat: <\/strong>Gesti\u00f3 de les reserves.<\/p>\n<p><strong>Termini de conservaci\u00f3: <\/strong>El termini estrictament necessari per complir amb les finalitats indicades anteriorment.<\/p>\n<p><strong>Base leg\u00edtima: <\/strong>L&#8217;execuci\u00f3 d&#8217;un contracte.<\/p>\n<p><strong>Cessions: <\/strong>No es realitzen cessions de dades.<\/p>\n<\/div>\n<p>SALZE EDITORIAL informa que tractar\u00e0 les dades de manera l\u00edcita, lleial, transparent, adequada, pertinent, limitada, exacta i actualitzada. \u00c9s per aix\u00f2 que SALZE EDITORIAL es compromet a adoptar totes les mesures raonables perqu\u00e8 les dades se suprimeixin o es rectifiquin sense dilaci\u00f3 quan siguin inexactes.<\/p>\n<p>D\u2019acord amb els drets que us confereix la normativa vigent sobre protecci\u00f3 de dades, podeu exercir els drets d\u2019acc\u00e9s, rectificaci\u00f3, limitaci\u00f3 de tractament, supressi\u00f3, portabilitat i oposici\u00f3 al tractament de les vostres dades de car\u00e0cter personal, aix\u00ed com del consentiment prestat per al tractament de les dades, adre\u00e7ant la vostra petici\u00f3 a l\u2019adre\u00e7a postal indicada m\u00e9s amunt o al correu electr\u00f2nic <a href=\"mailto:editorial@salze.cat\" target=\"_blank\" rel=\"noopener noreferrer\">editorial@salze.cat<\/a>.<\/p>\n<p>Podeu adre\u00e7ar-vos a l\u2019autoritat de control competent per presentar la reclamaci\u00f3 que considereu oportuna.<\/p>\n<p><strong>CERTIFICAT SSL (SECURE SOCKETS LAYER)<\/strong><\/p>\n<p>El certificat SSL proporciona autenticaci\u00f3, privacitat i seguretat de la informaci\u00f3 entre SALZE EDITORIAL i l\u2019usuari.<\/p>\n<p>SALZE EDITORIAL disposa d\u2019un certificat de seguretat que s\u2019utilitza com a certificat SSL per realitzar connexions segures.<\/p>\n<p>En aquest proc\u00e9s es fixen diversos par\u00e0metres per realitzar la connexi\u00f3 de forma segura. La connexi\u00f3 s\u2019estableix amb claus preestablertes i totes les dades enviades es codifiquen i es descodifiquen fins que es tanca la connexi\u00f3.<\/p>\n<p><strong>PROPIETAT INTEL\u00b7LECTUAL I INDUSTRIAL<\/strong><\/p>\n<p>SALZE EDITORIAL, per si mateixa o com a cession\u00e0ria, \u00e9s titular de tots els drets de propietat intel\u00b7lectual i industrial del seu lloc web, aix\u00ed com dels elements que hi cont\u00e9 (a t\u00edtol enunciatiu, imatges, so, \u00e0udio, v\u00eddeo, programari o textos; marques o logotips, combinacions de colors, estructura i disseny; selecci\u00f3 de materials utilitzats, programes d\u2019ordinador necessaris per al seu funcionament, acc\u00e9s i \u00fas, etc.), titularitat de SALZE EDITORIAL. Per conseg\u00fcent, s\u00f3n obres protegides com a propietat intel\u00b7lectual per l\u2019ordenament jur\u00eddic espanyol, i els hi s\u00f3n aplicables tant la normativa espanyola i comunit\u00e0ria en aquest camp, com els tractats internacionals relatius a aquesta mat\u00e8ria i subscrits per Espanya.<\/p>\n<p>Tots els drets reservats. En virtut del que disposa la Llei de propietat intel\u00b7lectual, queden expressament prohibides la reproducci\u00f3, la distribuci\u00f3 i la comunicaci\u00f3 p\u00fablica, inclosa la modalitat de posada a disposici\u00f3, de la totalitat o part dels continguts d\u2019aquest lloc web amb finalitats comercials, en qualsevol suport i per qualsevol mitj\u00e0 t\u00e8cnic, sense l\u2019autoritzaci\u00f3 de SALZE EDITORIAL.<\/p>\n<p>L\u2019usuari es compromet a respectar els drets de propietat intel\u00b7lectual i industrial titularitat de SALZE EDITORIAL. Podeu visualitzar els elements del portal i, fins i tot, imprimir-los, copiar-los i emmagatzemar-los al disc dur del vostre ordinador o a qualsevol altre suport f\u00edsic sempre que sigui \u00fanicament i exclusivament per a \u00fas personal i privat. L\u2019usuari s\u2019ha d\u2019abstenir de suprimir, alterar, eludir o manipular qualsevol dispositiu de protecci\u00f3 o sistema de seguretat que estigui instal\u00b7lat al lloc web de SALZE EDITORIAL.<\/p>\n<p><strong>Accions legals, legislaci\u00f3 aplicable i jurisdicci\u00f3<\/strong><\/p>\n<p>Aix\u00ed mateix, SALZE EDITORIAL es reserva la facultat de presentar les accions civils o penals que consideri oportunes per la utilitzaci\u00f3 indeguda del seu lloc web i continguts o per l\u2019incompliment d\u2019aquestes condicions.<\/p>\n<p>La relaci\u00f3 entre l\u2019usuari i el prestador es regeix per la normativa vigent i d\u2019aplicaci\u00f3 al territori espanyol. En cas que sorg\u00eds una controv\u00e8rsia, les parts poden sotmetre els seus conflictes a arbitratge o acudir a la jurisdicci\u00f3 ordin\u00e0ria de conformitat amb les normes sobre jurisdicci\u00f3 i compet\u00e8ncia respecte d\u2019aix\u00f2. SALZE EDITORIAL t\u00e9 el domicili a Castell\u00f3 de la Plana, Espanya.<\/p>\n<\/div>\n\n\n\n\n\t\t\t<\/div> \n\t\t<\/div>\n\t<\/div> \n\n\t<div  class=\"vc_col-sm-2 wpb_column column_container vc_column_container col no-extra-padding inherit_tablet inherit_phone\"  data-padding-pos=\"all\" data-has-bg-color=\"false\" data-bg-color=\"\" data-bg-opacity=\"1\" data-animation=\"\" data-delay=\"0\" >\n\t\t<div class=\"vc_column-inner\" >\n\t\t\t<div class=\"wpb_wrapper\">\n\t\t\t\t\n\t\t\t<\/div> \n\t\t<\/div>\n\t<\/div> \n<\/div><\/div>","protected":false},"excerpt":{"rendered":"En compliment de la Llei 34\/2002, d\u201911 de juliol, de serveis de la societat de...","protected":false},"author":1,"featured_media":204,"parent":0,"menu_order":0,"comment_status":"closed","ping_status":"open","template":"","meta":{"_joinchat":[],"footnotes":""},"class_list":["post-3","page","type-page","status-publish","has-post-thumbnail"],"yoast_head":"<!-- This site is optimized with the Yoast SEO plugin v27.6 - https:\/\/yoast.com\/product\/yoast-seo-wordpress\/ -->\n<title>Pol\u00edtica de privadesa : Salze Editorial<\/title>\n<meta name=\"robots\" content=\"index, follow, max-snippet:-1, max-image-preview:large, max-video-preview:-1\" \/>\n<link rel=\"canonical\" href=\"https:\/\/www.salze.cat\/en\/privacy-policy\/\" \/>\n<meta property=\"og:locale\" content=\"en_GB\" \/>\n<meta property=\"og:type\" content=\"article\" \/>\n<meta property=\"og:title\" content=\"Pol\u00edtica de privadesa : Salze Editorial\" \/>\n<meta property=\"og:url\" content=\"https:\/\/www.salze.cat\/en\/privacy-policy\/\" \/>\n<meta property=\"og:site_name\" content=\"Salze Editorial\" \/>\n<meta property=\"article:publisher\" content=\"https:\/\/www.facebook.com\/salzeeditorial\" \/>\n<meta property=\"article:modified_time\" content=\"2024-06-01T19:23:03+00:00\" \/>\n<meta property=\"og:image\" content=\"https:\/\/www.salze.cat\/wp-content\/uploads\/2020\/06\/salze_logo_gran.png\" \/>\n\t<meta property=\"og:image:width\" content=\"4000\" \/>\n\t<meta property=\"og:image:height\" content=\"4000\" \/>\n\t<meta property=\"og:image:type\" content=\"image\/png\" \/>\n<meta name=\"twitter:card\" content=\"summary_large_image\" \/>\n<meta name=\"twitter:site\" content=\"@SalzeEditorial\" \/>\n<meta name=\"twitter:label1\" content=\"Estimated reading time\" \/>\n\t<meta name=\"twitter:data1\" content=\"5 minutes\" \/>\n<script type=\"application\/ld+json\" class=\"yoast-schema-graph\">{\"@context\":\"https:\\\/\\\/schema.org\",\"@graph\":[{\"@type\":\"WebPage\",\"@id\":\"https:\\\/\\\/www.salze.cat\\\/privacy-policy\\\/\",\"url\":\"https:\\\/\\\/www.salze.cat\\\/privacy-policy\\\/\",\"name\":\"Pol\u00edtica de privadesa : Salze Editorial\",\"isPartOf\":{\"@id\":\"https:\\\/\\\/www.salze.cat\\\/#website\"},\"primaryImageOfPage\":{\"@id\":\"https:\\\/\\\/www.salze.cat\\\/privacy-policy\\\/#primaryimage\"},\"image\":{\"@id\":\"https:\\\/\\\/www.salze.cat\\\/privacy-policy\\\/#primaryimage\"},\"thumbnailUrl\":\"https:\\\/\\\/www.salze.cat\\\/wp-content\\\/uploads\\\/2020\\\/06\\\/salze_logo_gran.png\",\"datePublished\":\"2020-06-16T11:32:57+00:00\",\"dateModified\":\"2024-06-01T19:23:03+00:00\",\"breadcrumb\":{\"@id\":\"https:\\\/\\\/www.salze.cat\\\/privacy-policy\\\/#breadcrumb\"},\"inLanguage\":\"en-GB\",\"potentialAction\":[{\"@type\":\"ReadAction\",\"target\":[\"https:\\\/\\\/www.salze.cat\\\/privacy-policy\\\/\"]}]},{\"@type\":\"ImageObject\",\"inLanguage\":\"en-GB\",\"@id\":\"https:\\\/\\\/www.salze.cat\\\/privacy-policy\\\/#primaryimage\",\"url\":\"https:\\\/\\\/www.salze.cat\\\/wp-content\\\/uploads\\\/2020\\\/06\\\/salze_logo_gran.png\",\"contentUrl\":\"https:\\\/\\\/www.salze.cat\\\/wp-content\\\/uploads\\\/2020\\\/06\\\/salze_logo_gran.png\",\"width\":4000,\"height\":4000},{\"@type\":\"BreadcrumbList\",\"@id\":\"https:\\\/\\\/www.salze.cat\\\/privacy-policy\\\/#breadcrumb\",\"itemListElement\":[{\"@type\":\"ListItem\",\"position\":1,\"name\":\"Inici\",\"item\":\"https:\\\/\\\/www.salze.cat\\\/\"},{\"@type\":\"ListItem\",\"position\":2,\"name\":\"Pol\u00edtica de privadesa\"}]},{\"@type\":\"WebSite\",\"@id\":\"https:\\\/\\\/www.salze.cat\\\/#website\",\"url\":\"https:\\\/\\\/www.salze.cat\\\/\",\"name\":\"Salze Editorial\",\"description\":\"Segell de traducci\u00f3 de poesia al catal\u00e0\",\"publisher\":{\"@id\":\"https:\\\/\\\/www.salze.cat\\\/#organization\"},\"potentialAction\":[{\"@type\":\"SearchAction\",\"target\":{\"@type\":\"EntryPoint\",\"urlTemplate\":\"https:\\\/\\\/www.salze.cat\\\/?s={search_term_string}\"},\"query-input\":{\"@type\":\"PropertyValueSpecification\",\"valueRequired\":true,\"valueName\":\"search_term_string\"}}],\"inLanguage\":\"en-GB\"},{\"@type\":\"Organization\",\"@id\":\"https:\\\/\\\/www.salze.cat\\\/#organization\",\"name\":\"Salze Editorial\",\"url\":\"https:\\\/\\\/www.salze.cat\\\/\",\"logo\":{\"@type\":\"ImageObject\",\"inLanguage\":\"en-GB\",\"@id\":\"https:\\\/\\\/www.salze.cat\\\/#\\\/schema\\\/logo\\\/image\\\/\",\"url\":\"https:\\\/\\\/www.salze.cat\\\/wp-content\\\/uploads\\\/2021\\\/05\\\/Salze-Logo.png\",\"contentUrl\":\"https:\\\/\\\/www.salze.cat\\\/wp-content\\\/uploads\\\/2021\\\/05\\\/Salze-Logo.png\",\"width\":1600,\"height\":1600,\"caption\":\"Salze Editorial\"},\"image\":{\"@id\":\"https:\\\/\\\/www.salze.cat\\\/#\\\/schema\\\/logo\\\/image\\\/\"},\"sameAs\":[\"https:\\\/\\\/www.facebook.com\\\/salzeeditorial\",\"https:\\\/\\\/x.com\\\/SalzeEditorial\",\"https:\\\/\\\/www.instagram.com\\\/salzeeditorial\\\/\"]}]}<\/script>\n<!-- \/ Yoast SEO plugin. -->","yoast_head_json":{"title":"Pol\u00edtica de privadesa : Salze Editorial","robots":{"index":"index","follow":"follow","max-snippet":"max-snippet:-1","max-image-preview":"max-image-preview:large","max-video-preview":"max-video-preview:-1"},"canonical":"https:\/\/www.salze.cat\/en\/privacy-policy\/","og_locale":"en_GB","og_type":"article","og_title":"Pol\u00edtica de privadesa : Salze Editorial","og_url":"https:\/\/www.salze.cat\/en\/privacy-policy\/","og_site_name":"Salze Editorial","article_publisher":"https:\/\/www.facebook.com\/salzeeditorial","article_modified_time":"2024-06-01T19:23:03+00:00","og_image":[{"width":4000,"height":4000,"url":"https:\/\/www.salze.cat\/wp-content\/uploads\/2020\/06\/salze_logo_gran.png","type":"image\/png"}],"twitter_card":"summary_large_image","twitter_site":"@SalzeEditorial","twitter_misc":{"Estimated reading time":"5 minutes"},"schema":{"@context":"https:\/\/schema.org","@graph":[{"@type":"WebPage","@id":"https:\/\/www.salze.cat\/privacy-policy\/","url":"https:\/\/www.salze.cat\/privacy-policy\/","name":"Pol\u00edtica de privadesa : Salze Editorial","isPartOf":{"@id":"https:\/\/www.salze.cat\/#website"},"primaryImageOfPage":{"@id":"https:\/\/www.salze.cat\/privacy-policy\/#primaryimage"},"image":{"@id":"https:\/\/www.salze.cat\/privacy-policy\/#primaryimage"},"thumbnailUrl":"https:\/\/www.salze.cat\/wp-content\/uploads\/2020\/06\/salze_logo_gran.png","datePublished":"2020-06-16T11:32:57+00:00","dateModified":"2024-06-01T19:23:03+00:00","breadcrumb":{"@id":"https:\/\/www.salze.cat\/privacy-policy\/#breadcrumb"},"inLanguage":"en-GB","potentialAction":[{"@type":"ReadAction","target":["https:\/\/www.salze.cat\/privacy-policy\/"]}]},{"@type":"ImageObject","inLanguage":"en-GB","@id":"https:\/\/www.salze.cat\/privacy-policy\/#primaryimage","url":"https:\/\/www.salze.cat\/wp-content\/uploads\/2020\/06\/salze_logo_gran.png","contentUrl":"https:\/\/www.salze.cat\/wp-content\/uploads\/2020\/06\/salze_logo_gran.png","width":4000,"height":4000},{"@type":"BreadcrumbList","@id":"https:\/\/www.salze.cat\/privacy-policy\/#breadcrumb","itemListElement":[{"@type":"ListItem","position":1,"name":"Inici","item":"https:\/\/www.salze.cat\/"},{"@type":"ListItem","position":2,"name":"Pol\u00edtica de privadesa"}]},{"@type":"WebSite","@id":"https:\/\/www.salze.cat\/#website","url":"https:\/\/www.salze.cat\/","name":"Salze Editorial","description":"Segell de traducci\u00f3 de poesia al catal\u00e0","publisher":{"@id":"https:\/\/www.salze.cat\/#organization"},"potentialAction":[{"@type":"SearchAction","target":{"@type":"EntryPoint","urlTemplate":"https:\/\/www.salze.cat\/?s={search_term_string}"},"query-input":{"@type":"PropertyValueSpecification","valueRequired":true,"valueName":"search_term_string"}}],"inLanguage":"en-GB"},{"@type":"Organization","@id":"https:\/\/www.salze.cat\/#organization","name":"Salze Editorial","url":"https:\/\/www.salze.cat\/","logo":{"@type":"ImageObject","inLanguage":"en-GB","@id":"https:\/\/www.salze.cat\/#\/schema\/logo\/image\/","url":"https:\/\/www.salze.cat\/wp-content\/uploads\/2021\/05\/Salze-Logo.png","contentUrl":"https:\/\/www.salze.cat\/wp-content\/uploads\/2021\/05\/Salze-Logo.png","width":1600,"height":1600,"caption":"Salze Editorial"},"image":{"@id":"https:\/\/www.salze.cat\/#\/schema\/logo\/image\/"},"sameAs":["https:\/\/www.facebook.com\/salzeeditorial","https:\/\/x.com\/SalzeEditorial","https:\/\/www.instagram.com\/salzeeditorial\/"]}]}},"jetpack_sharing_enabled":true,"_links":{"self":[{"href":"https:\/\/www.salze.cat\/en\/wp-json\/wp\/v2\/pages\/3","targetHints":{"allow":["GET"]}}],"collection":[{"href":"https:\/\/www.salze.cat\/en\/wp-json\/wp\/v2\/pages"}],"about":[{"href":"https:\/\/www.salze.cat\/en\/wp-json\/wp\/v2\/types\/page"}],"author":[{"embeddable":true,"href":"https:\/\/www.salze.cat\/en\/wp-json\/wp\/v2\/users\/1"}],"replies":[{"embeddable":true,"href":"https:\/\/www.salze.cat\/en\/wp-json\/wp\/v2\/comments?post=3"}],"version-history":[{"count":0,"href":"https:\/\/www.salze.cat\/en\/wp-json\/wp\/v2\/pages\/3\/revisions"}],"wp:featuredmedia":[{"embeddable":true,"href":"https:\/\/www.salze.cat\/en\/wp-json\/wp\/v2\/media\/204"}],"wp:attachment":[{"href":"https:\/\/www.salze.cat\/en\/wp-json\/wp\/v2\/media?parent=3"}],"curies":[{"name":"wp","href":"https:\/\/api.w.org\/{rel}","templated":true}]}}