{"id":276,"date":"2020-09-01T15:28:25","date_gmt":"2020-09-01T15:28:25","guid":{"rendered":"https:\/\/www.salze.cat\/?page_id=276"},"modified":"2022-01-05T18:36:15","modified_gmt":"2022-01-05T18:36:15","slug":"politica-de-galetes","status":"publish","type":"page","link":"https:\/\/www.salze.cat\/en\/politica-de-galetes\/","title":{"rendered":"Pol\u00edtica de galetes"},"content":{"rendered":"<div id=\"fws_6a05bda041c8c\"  data-column-margin=\"default\" data-midnight=\"dark\"  class=\"wpb_row vc_row-fluid vc_row\"  style=\"padding-top: 0px; padding-bottom: 0px; \"><div class=\"row-bg-wrap\" data-bg-animation=\"none\" data-bg-animation-delay=\"\" data-bg-overlay=\"false\"><div class=\"inner-wrap row-bg-layer\" ><div class=\"row-bg viewport-desktop\"  style=\"\"><\/div><\/div><\/div><div class=\"row_col_wrap_12 col span_12 dark left\">\n\t<div  class=\"vc_col-sm-2 wpb_column column_container vc_column_container col no-extra-padding inherit_tablet inherit_phone\"  data-padding-pos=\"all\" data-has-bg-color=\"false\" data-bg-color=\"\" data-bg-opacity=\"1\" data-animation=\"\" data-delay=\"0\" >\n\t\t<div class=\"vc_column-inner\" >\n\t\t\t<div class=\"wpb_wrapper\">\n\t\t\t\t\n\t\t\t<\/div> \n\t\t<\/div>\n\t<\/div> \n\n\t<div  class=\"vc_col-sm-8 wpb_column column_container vc_column_container col no-extra-padding inherit_tablet inherit_phone\"  data-padding-pos=\"all\" data-has-bg-color=\"false\" data-bg-color=\"\" data-bg-opacity=\"1\" data-animation=\"\" data-delay=\"0\" >\n\t\t<div class=\"vc_column-inner\" >\n\t\t\t<div class=\"wpb_wrapper\">\n\t\t\t\t\n<div class=\"wpb_text_column wpb_content_element\" >\n\t<p><strong>Qu\u00e8 s\u00f3n les cookies?<\/strong><\/p>\n<p>Una cookie \u00e9s un fitxer que es descarrega a l\u2019ordinador quan s\u2019accedeix a determinades p\u00e0gines web. Les cookies permeten a una p\u00e0gina web, entre d\u2019altres coses, emmagatzemar i recuperar informaci\u00f3 sobre els h\u00e0bits de navegaci\u00f3 d\u2019un usuari o del seu equip i, depenent de la informaci\u00f3 que continguin i de la forma en que s\u2019utilitzi el seu equip, poden utilizar-se per a recon\u00e8ixer l\u2019usuari.<\/p>\n<p><strong>Quines cookies utilitza aquesta p\u00e0gina web?<\/strong><\/p>\n<ul>\n<li><em>Cookies d\u2019an\u00e0lisi<\/em>: S\u00f3n aquelles que, b\u00e9 tractades per SALZE EDITORIAL o per tercers, permeten quantificar el n\u00famero d\u2019usuaris i aix\u00ed realitzar les m\u00e8triques i an\u00e0lisi estad\u00edstic de la utilizaci\u00f3 que fan els usuaris dels serveis que oferim. Amb aquesta finalitat s\u2019analitza la navegaci\u00f3 a la p\u00e0gina web per tal de millorar la oferta de productes o serveis.<\/li>\n<\/ul>\n<p>Aquest lloc web utiliza les seg\u00fcents\u00a0<strong>cookies propies<\/strong>:<\/p>\n<ul>\n<li>Cookies de sessi\u00f3, per a garantir que els usuaris que escriguin comentaris al blog siguin humans i no aplicacions automatitzades. D\u2019aquesta manera es combat l\u2019<em>spam<\/em>.<\/li>\n<\/ul>\n<p>Aquest lloc web utilitza les seg\u00fcents\u00a0<strong>cookies de tercers<\/strong>:<\/p>\n<ul>\n<li>Google Analytics: Emmagatzema\u00a0<em>cookies<\/em>\u00a0per a poder elaborar estad\u00edstiques sobre el moviment i volum de visites de la web. Usant aquest lloc web est\u00e0 consentint el tractament d\u2019informaci\u00f3 sobre vost\u00e8 per part de Google. Per tant, qualsevol dret en aquest sentit l\u2019haur\u00e0 d\u2019exercir comunicant directament amb Google.<\/li>\n<li>Xarxes socials: Cada xarxa social utilitza les seves propies\u00a0<em>cookies<\/em>\u00a0per tal que pugui clicar botons del tipus\u00a0<em>M\u2019agrada<\/em>\u00a0o\u00a0<em>Compartir<\/em>.<\/li>\n<\/ul>\n<p>Pot permetre, bloquejar o eliminar les cookies instal\u00b7lades al seu equip mitjan\u00e7ant la configuraci\u00f3 de les opcions del navegador del seu ordinador.<\/p>\n<ul>\n<li>Per a m\u00e9s informaci\u00f3 sobre Firefox:\u00a0<a href=\"http:\/\/support.mozilla.org\/es\/kb\/habilitar-y-deshabilitar-cookies-que-los-sitios-we\">http:\/\/support.mozilla.org\/es\/kb\/habilitar-y-deshabilitar-cookies-que-los-sitios-we<\/a><\/li>\n<li>Per a m\u00e9s informaci\u00f3 sobre Safari:\u00a0<a href=\"http:\/\/support.apple.com\/kb\/HT1677?viewlocale=es_ES\">http:\/\/support.apple.com\/kb\/HT1677?viewlocale=es_ES<\/a><\/li>\n<li>Per a m\u00e9s informaci\u00f3 sobr Google Chrome:\u00a0<a href=\"https:\/\/support.google.com\/chrome\/answer\/95647?hl=es\">https:\/\/support.google.com\/chrome\/answer\/95647?hl=es<\/a><\/li>\n<li>Per a m\u00e9s informaci\u00f3 sobre Internet Explorer:\u00a0<a href=\"http:\/\/windows.microsoft.com\/es-ES\/windows-vista\/Block-or-allow-cookies\">http:\/\/windows.microsoft.com\/es-ES\/windows-vista\/Block-or-allow-cookies<\/a><\/li>\n<\/ul>\n<p><strong>Notes addicionals<\/strong><\/p>\n<ul>\n<li>Ni la web <a href=\"http:\/\/www.salze.cat\">salze.cat<\/a> ni els representants legals de SALZE EDITORIAL es fan responsables ni del contingut ni de la veracitat de les pol\u00edtiques de privacitat que puguin tenir els tercers mencionats en aquesta pol\u00edtica de\u00a0<em>cookies<\/em>.<\/li>\n<li>Els navegadors web s\u00f3n les eines encarregades d\u2019emmagatzemar les\u00a0<em>cookies\u00a0<\/em>i\u00a0des d\u2019aquest lloc ha d\u2019exercir el seu dret d\u2019eliminaci\u00f3 o desactivaci\u00f3 de les mateixes. Ni aquesta web ni els seus representants legals poden garantir la correcta o incorrecta manipulaci\u00f3 de les\u00a0<em>cookies<\/em>\u00a0per part dels esmentants navegadors.<\/li>\n<li>En alguns casos \u00e9s necessari instal\u00b7lar\u00a0<em>cookies<\/em>\u00a0per tal que el navegador no oblidi la seva decisi\u00f3 de no acceptar-les.<\/li>\n<li>En el cas de les\u00a0<em>cookies<\/em>\u00a0de Google Analytics, aquesta empresa emmagatzema les\u00a0<em>cookies<\/em>\u00a0en servidors ubicats a Estats Units i es compromet a no compartir-les amb tercers, excepte en els casos en que sigui necessari pel funcionament del sistema o quan la llei li obligui. Segons Google, no guarda la seva direcci\u00f3 IP. Google Inc. es una companyia adherida a l\u2019Acord de Port Segur que garanteix que totes les dades transferides seran tractades amb un nivel de protecci\u00f3 d\u2019acord a la normativa europea. Pot consultar informaci\u00f3 detallada\u00a0<a href=\"http:\/\/safeharbor.export.gov\/companyinfo.aspx?id=16626\">en aquest enlla\u00e7<\/a>. Si desitja informaci\u00f3 sobre l\u2019\u00fas que Google d\u00f3na a les cookies\u00a0<a href=\"https:\/\/developers.google.com\/analytics\/devguides\/collection\/analyticsjs\/cookie-usage?hl=es&amp;csw=1\">us adjuntem aquest altre enlla\u00e7<\/a>.<\/li>\n<li>Per a qualsevol dubte o consulta sobre aquesta pol\u00edtica de\u00a0<em>cookies<\/em>\u00a0podeu enviar-nos un missatge mitjan\u00e7ant la <a href=\"https:\/\/www.salze.cat\/contacteu\/\">p\u00e0gina de contacte<\/a>.<\/li>\n<\/ul>\n<\/div>\n\n\n\n\n\t\t\t<\/div> \n\t\t<\/div>\n\t<\/div> \n\n\t<div  class=\"vc_col-sm-2 wpb_column column_container vc_column_container col no-extra-padding inherit_tablet inherit_phone\"  data-padding-pos=\"all\" data-has-bg-color=\"false\" data-bg-color=\"\" data-bg-opacity=\"1\" data-animation=\"\" data-delay=\"0\" >\n\t\t<div class=\"vc_column-inner\" >\n\t\t\t<div class=\"wpb_wrapper\">\n\t\t\t\t\n\t\t\t<\/div> \n\t\t<\/div>\n\t<\/div> \n<\/div><\/div>","protected":false},"excerpt":{"rendered":"Qu\u00e8 s\u00f3n les cookies? Una cookie \u00e9s un fitxer que es descarrega a l\u2019ordinador quan...","protected":false},"author":1,"featured_media":204,"parent":0,"menu_order":0,"comment_status":"closed","ping_status":"closed","template":"","meta":{"_joinchat":[],"footnotes":""},"class_list":["post-276","page","type-page","status-publish","has-post-thumbnail"],"yoast_head":"<!-- This site is optimized with the Yoast SEO plugin v27.6 - https:\/\/yoast.com\/product\/yoast-seo-wordpress\/ -->\n<title>Pol\u00edtica de galetes : Salze Editorial<\/title>\n<meta name=\"robots\" content=\"index, follow, max-snippet:-1, max-image-preview:large, max-video-preview:-1\" \/>\n<link rel=\"canonical\" href=\"https:\/\/www.salze.cat\/en\/politica-de-galetes\/\" \/>\n<meta property=\"og:locale\" content=\"en_GB\" \/>\n<meta property=\"og:type\" content=\"article\" \/>\n<meta property=\"og:title\" content=\"Pol\u00edtica de galetes : Salze Editorial\" \/>\n<meta property=\"og:url\" content=\"https:\/\/www.salze.cat\/en\/politica-de-galetes\/\" \/>\n<meta property=\"og:site_name\" content=\"Salze Editorial\" \/>\n<meta property=\"article:publisher\" content=\"https:\/\/www.facebook.com\/salzeeditorial\" \/>\n<meta property=\"article:modified_time\" content=\"2022-01-05T18:36:15+00:00\" \/>\n<meta property=\"og:image\" content=\"https:\/\/www.salze.cat\/wp-content\/uploads\/2020\/06\/salze_logo_gran.png\" \/>\n\t<meta property=\"og:image:width\" content=\"4000\" \/>\n\t<meta property=\"og:image:height\" content=\"4000\" \/>\n\t<meta property=\"og:image:type\" content=\"image\/png\" \/>\n<meta name=\"twitter:card\" content=\"summary_large_image\" \/>\n<meta name=\"twitter:site\" content=\"@SalzeEditorial\" \/>\n<meta name=\"twitter:label1\" content=\"Estimated reading time\" \/>\n\t<meta name=\"twitter:data1\" content=\"4 minutes\" \/>\n<script type=\"application\/ld+json\" class=\"yoast-schema-graph\">{\"@context\":\"https:\\\/\\\/schema.org\",\"@graph\":[{\"@type\":\"WebPage\",\"@id\":\"https:\\\/\\\/www.salze.cat\\\/politica-de-galetes\\\/\",\"url\":\"https:\\\/\\\/www.salze.cat\\\/politica-de-galetes\\\/\",\"name\":\"Pol\u00edtica de galetes : Salze Editorial\",\"isPartOf\":{\"@id\":\"https:\\\/\\\/www.salze.cat\\\/#website\"},\"primaryImageOfPage\":{\"@id\":\"https:\\\/\\\/www.salze.cat\\\/politica-de-galetes\\\/#primaryimage\"},\"image\":{\"@id\":\"https:\\\/\\\/www.salze.cat\\\/politica-de-galetes\\\/#primaryimage\"},\"thumbnailUrl\":\"https:\\\/\\\/www.salze.cat\\\/wp-content\\\/uploads\\\/2020\\\/06\\\/salze_logo_gran.png\",\"datePublished\":\"2020-09-01T15:28:25+00:00\",\"dateModified\":\"2022-01-05T18:36:15+00:00\",\"breadcrumb\":{\"@id\":\"https:\\\/\\\/www.salze.cat\\\/politica-de-galetes\\\/#breadcrumb\"},\"inLanguage\":\"en-GB\",\"potentialAction\":[{\"@type\":\"ReadAction\",\"target\":[\"https:\\\/\\\/www.salze.cat\\\/politica-de-galetes\\\/\"]}]},{\"@type\":\"ImageObject\",\"inLanguage\":\"en-GB\",\"@id\":\"https:\\\/\\\/www.salze.cat\\\/politica-de-galetes\\\/#primaryimage\",\"url\":\"https:\\\/\\\/www.salze.cat\\\/wp-content\\\/uploads\\\/2020\\\/06\\\/salze_logo_gran.png\",\"contentUrl\":\"https:\\\/\\\/www.salze.cat\\\/wp-content\\\/uploads\\\/2020\\\/06\\\/salze_logo_gran.png\",\"width\":4000,\"height\":4000},{\"@type\":\"BreadcrumbList\",\"@id\":\"https:\\\/\\\/www.salze.cat\\\/politica-de-galetes\\\/#breadcrumb\",\"itemListElement\":[{\"@type\":\"ListItem\",\"position\":1,\"name\":\"Inici\",\"item\":\"https:\\\/\\\/www.salze.cat\\\/\"},{\"@type\":\"ListItem\",\"position\":2,\"name\":\"Pol\u00edtica de galetes\"}]},{\"@type\":\"WebSite\",\"@id\":\"https:\\\/\\\/www.salze.cat\\\/#website\",\"url\":\"https:\\\/\\\/www.salze.cat\\\/\",\"name\":\"Salze Editorial\",\"description\":\"Segell de traducci\u00f3 de poesia al catal\u00e0\",\"publisher\":{\"@id\":\"https:\\\/\\\/www.salze.cat\\\/#organization\"},\"potentialAction\":[{\"@type\":\"SearchAction\",\"target\":{\"@type\":\"EntryPoint\",\"urlTemplate\":\"https:\\\/\\\/www.salze.cat\\\/?s={search_term_string}\"},\"query-input\":{\"@type\":\"PropertyValueSpecification\",\"valueRequired\":true,\"valueName\":\"search_term_string\"}}],\"inLanguage\":\"en-GB\"},{\"@type\":\"Organization\",\"@id\":\"https:\\\/\\\/www.salze.cat\\\/#organization\",\"name\":\"Salze Editorial\",\"url\":\"https:\\\/\\\/www.salze.cat\\\/\",\"logo\":{\"@type\":\"ImageObject\",\"inLanguage\":\"en-GB\",\"@id\":\"https:\\\/\\\/www.salze.cat\\\/#\\\/schema\\\/logo\\\/image\\\/\",\"url\":\"https:\\\/\\\/www.salze.cat\\\/wp-content\\\/uploads\\\/2021\\\/05\\\/Salze-Logo.png\",\"contentUrl\":\"https:\\\/\\\/www.salze.cat\\\/wp-content\\\/uploads\\\/2021\\\/05\\\/Salze-Logo.png\",\"width\":1600,\"height\":1600,\"caption\":\"Salze Editorial\"},\"image\":{\"@id\":\"https:\\\/\\\/www.salze.cat\\\/#\\\/schema\\\/logo\\\/image\\\/\"},\"sameAs\":[\"https:\\\/\\\/www.facebook.com\\\/salzeeditorial\",\"https:\\\/\\\/x.com\\\/SalzeEditorial\",\"https:\\\/\\\/www.instagram.com\\\/salzeeditorial\\\/\"]}]}<\/script>\n<!-- \/ Yoast SEO plugin. -->","yoast_head_json":{"title":"Pol\u00edtica de galetes : Salze Editorial","robots":{"index":"index","follow":"follow","max-snippet":"max-snippet:-1","max-image-preview":"max-image-preview:large","max-video-preview":"max-video-preview:-1"},"canonical":"https:\/\/www.salze.cat\/en\/politica-de-galetes\/","og_locale":"en_GB","og_type":"article","og_title":"Pol\u00edtica de galetes : Salze Editorial","og_url":"https:\/\/www.salze.cat\/en\/politica-de-galetes\/","og_site_name":"Salze Editorial","article_publisher":"https:\/\/www.facebook.com\/salzeeditorial","article_modified_time":"2022-01-05T18:36:15+00:00","og_image":[{"width":4000,"height":4000,"url":"https:\/\/www.salze.cat\/wp-content\/uploads\/2020\/06\/salze_logo_gran.png","type":"image\/png"}],"twitter_card":"summary_large_image","twitter_site":"@SalzeEditorial","twitter_misc":{"Estimated reading time":"4 minutes"},"schema":{"@context":"https:\/\/schema.org","@graph":[{"@type":"WebPage","@id":"https:\/\/www.salze.cat\/politica-de-galetes\/","url":"https:\/\/www.salze.cat\/politica-de-galetes\/","name":"Pol\u00edtica de galetes : Salze Editorial","isPartOf":{"@id":"https:\/\/www.salze.cat\/#website"},"primaryImageOfPage":{"@id":"https:\/\/www.salze.cat\/politica-de-galetes\/#primaryimage"},"image":{"@id":"https:\/\/www.salze.cat\/politica-de-galetes\/#primaryimage"},"thumbnailUrl":"https:\/\/www.salze.cat\/wp-content\/uploads\/2020\/06\/salze_logo_gran.png","datePublished":"2020-09-01T15:28:25+00:00","dateModified":"2022-01-05T18:36:15+00:00","breadcrumb":{"@id":"https:\/\/www.salze.cat\/politica-de-galetes\/#breadcrumb"},"inLanguage":"en-GB","potentialAction":[{"@type":"ReadAction","target":["https:\/\/www.salze.cat\/politica-de-galetes\/"]}]},{"@type":"ImageObject","inLanguage":"en-GB","@id":"https:\/\/www.salze.cat\/politica-de-galetes\/#primaryimage","url":"https:\/\/www.salze.cat\/wp-content\/uploads\/2020\/06\/salze_logo_gran.png","contentUrl":"https:\/\/www.salze.cat\/wp-content\/uploads\/2020\/06\/salze_logo_gran.png","width":4000,"height":4000},{"@type":"BreadcrumbList","@id":"https:\/\/www.salze.cat\/politica-de-galetes\/#breadcrumb","itemListElement":[{"@type":"ListItem","position":1,"name":"Inici","item":"https:\/\/www.salze.cat\/"},{"@type":"ListItem","position":2,"name":"Pol\u00edtica de galetes"}]},{"@type":"WebSite","@id":"https:\/\/www.salze.cat\/#website","url":"https:\/\/www.salze.cat\/","name":"Salze Editorial","description":"Segell de traducci\u00f3 de poesia al catal\u00e0","publisher":{"@id":"https:\/\/www.salze.cat\/#organization"},"potentialAction":[{"@type":"SearchAction","target":{"@type":"EntryPoint","urlTemplate":"https:\/\/www.salze.cat\/?s={search_term_string}"},"query-input":{"@type":"PropertyValueSpecification","valueRequired":true,"valueName":"search_term_string"}}],"inLanguage":"en-GB"},{"@type":"Organization","@id":"https:\/\/www.salze.cat\/#organization","name":"Salze Editorial","url":"https:\/\/www.salze.cat\/","logo":{"@type":"ImageObject","inLanguage":"en-GB","@id":"https:\/\/www.salze.cat\/#\/schema\/logo\/image\/","url":"https:\/\/www.salze.cat\/wp-content\/uploads\/2021\/05\/Salze-Logo.png","contentUrl":"https:\/\/www.salze.cat\/wp-content\/uploads\/2021\/05\/Salze-Logo.png","width":1600,"height":1600,"caption":"Salze Editorial"},"image":{"@id":"https:\/\/www.salze.cat\/#\/schema\/logo\/image\/"},"sameAs":["https:\/\/www.facebook.com\/salzeeditorial","https:\/\/x.com\/SalzeEditorial","https:\/\/www.instagram.com\/salzeeditorial\/"]}]}},"jetpack_sharing_enabled":true,"_links":{"self":[{"href":"https:\/\/www.salze.cat\/en\/wp-json\/wp\/v2\/pages\/276","targetHints":{"allow":["GET"]}}],"collection":[{"href":"https:\/\/www.salze.cat\/en\/wp-json\/wp\/v2\/pages"}],"about":[{"href":"https:\/\/www.salze.cat\/en\/wp-json\/wp\/v2\/types\/page"}],"author":[{"embeddable":true,"href":"https:\/\/www.salze.cat\/en\/wp-json\/wp\/v2\/users\/1"}],"replies":[{"embeddable":true,"href":"https:\/\/www.salze.cat\/en\/wp-json\/wp\/v2\/comments?post=276"}],"version-history":[{"count":0,"href":"https:\/\/www.salze.cat\/en\/wp-json\/wp\/v2\/pages\/276\/revisions"}],"wp:featuredmedia":[{"embeddable":true,"href":"https:\/\/www.salze.cat\/en\/wp-json\/wp\/v2\/media\/204"}],"wp:attachment":[{"href":"https:\/\/www.salze.cat\/en\/wp-json\/wp\/v2\/media?parent=276"}],"curies":[{"name":"wp","href":"https:\/\/api.w.org\/{rel}","templated":true}]}}