{"id":272,"date":"2020-09-01T15:13:48","date_gmt":"2020-09-01T15:13:48","guid":{"rendered":"https:\/\/www.salze.cat\/?page_id=272"},"modified":"2024-06-01T19:23:55","modified_gmt":"2024-06-01T19:23:55","slug":"privacy-policy-xxss","status":"publish","type":"page","link":"https:\/\/www.salze.cat\/en\/privacy-policy-xxss\/","title":{"rendered":"Pol\u00edtica de privadesa &#8211; Xarxes socials"},"content":{"rendered":"<div id=\"fws_6a05bd9e7d725\"  data-column-margin=\"default\" data-midnight=\"dark\"  class=\"wpb_row vc_row-fluid vc_row\"  style=\"padding-top: 0px; padding-bottom: 0px; \"><div class=\"row-bg-wrap\" data-bg-animation=\"none\" data-bg-animation-delay=\"\" data-bg-overlay=\"false\"><div class=\"inner-wrap row-bg-layer\" ><div class=\"row-bg viewport-desktop\"  style=\"\"><\/div><\/div><\/div><div class=\"row_col_wrap_12 col span_12 dark left\">\n\t<div  class=\"vc_col-sm-2 wpb_column column_container vc_column_container col no-extra-padding inherit_tablet inherit_phone\"  data-padding-pos=\"all\" data-has-bg-color=\"false\" data-bg-color=\"\" data-bg-opacity=\"1\" data-animation=\"\" data-delay=\"0\" >\n\t\t<div class=\"vc_column-inner\" >\n\t\t\t<div class=\"wpb_wrapper\">\n\t\t\t\t\n\t\t\t<\/div> \n\t\t<\/div>\n\t<\/div> \n\n\t<div  class=\"vc_col-sm-8 wpb_column column_container vc_column_container col no-extra-padding inherit_tablet inherit_phone\"  data-padding-pos=\"all\" data-has-bg-color=\"false\" data-bg-color=\"\" data-bg-opacity=\"1\" data-animation=\"\" data-delay=\"0\" >\n\t\t<div class=\"vc_column-inner\" >\n\t\t\t<div class=\"wpb_wrapper\">\n\t\t\t\t\n<div class=\"wpb_text_column wpb_content_element\" >\n\t<p>En compliment de la normativa vigent en mat\u00e8ria de protecci\u00f3 de dades de car\u00e0cter personal i la Llei 34\/2002, d\u201911 de juliol, de serveis de la societat de la informaci\u00f3 i de comer\u00e7 electr\u00f2nic (LSSI-CE), SALZE EDITORIAL informa els usuaris que ha creat un perfil a les xarxes socials Twitter, Instagram i altres amb la finalitat principal de donar publicitat als seus productes i serveis.<\/p>\n<p>Dades de SALZE EDITORIAL:<\/p>\n<div class=\"pl-5 pr-5\">\n<ul>\n<li>NIF: 18996968A<\/li>\n<li>ADRE\u00c7A: Sant Roc, 78, 4t, 15a, 12004 Castell\u00f3 de la Plana<\/li>\n<li>CORREU ELECTR\u00d2NIC: <a href=\"mailto:editorial@salze.cat\" target=\"_blank\" rel=\"noopener noreferrer\">editorial@salze.cat<\/a><\/li>\n<li>DOMINI WEB: <a href=\"https:\/\/www.salze.cat\/\" target=\"_blank\" rel=\"noopener noreferrer\">www.salze.cat<\/a><\/li>\n<\/ul>\n<\/div>\n<p>L\u2019usuari, que disposa d\u2019un perfil a la mateixa xarxa social, ha decidit unir-se a la p\u00e0gina creada per SALZE EDITORIAL i, d\u2019aquesta manera, mostra el seu inter\u00e8s en la informaci\u00f3 a qu\u00e8 es doni publicitat a la xarxa. Quan us uniu a la nostra p\u00e0gina, ens doneu el vostre consentiment per al tractament de les dades personals publicades al vostre perfil.<\/p>\n<p>L\u2019usuari pot accedir en tot moment a les pol\u00edtiques de privacitat de la xarxa social, aix\u00ed com configurar el seu perfil per garantir la seva privacitat.<\/p>\n<p>SALZE EDITORIAL t\u00e9 acc\u00e9s i tracta la informaci\u00f3 p\u00fablica de l\u2019usuari, en especial el seu nom de contacte. Aquestes dades nom\u00e9s s\u2019utilitzen dintre de la xarxa social. No s\u2019incorporen a cap fitxer.<\/p>\n<p>Amb relaci\u00f3 als drets que teniu d\u2019acc\u00e9s, rectificaci\u00f3, limitaci\u00f3 de tractament, supressi\u00f3, portabilitat i oposici\u00f3 al tractament i que podeu exercir davant de SALZE EDITORIAL, heu de tenir en compte els matisos seg\u00fcents:<\/p>\n<div class=\"pl-5 pr-5\">\n<ul>\n<li>Acc\u00e9s: El defineix la funcionalitat de la xarxa social i la capacitat d\u2019acc\u00e9s a la informaci\u00f3 dels perfils dels usuaris.<\/li>\n<li>Rectificaci\u00f3: Nom\u00e9s es pot satisfer amb relaci\u00f3 a la informaci\u00f3 que estigui sota el control de SALZE EDITORIAL, per exemple, eliminar comentaris publicats a la p\u00e0gina mateixa. Normalment, aquest dret l\u2019heu d\u2019exercir davant la xarxa social.<\/li>\n<li>Cancel\u00b7laci\u00f3 i\/o oposici\u00f3: Com en el cas anterior, nom\u00e9s es pot satisfer amb relaci\u00f3 a la informaci\u00f3 que es trobi sota el control de SALZE EDITORIAL, per exemple, deixar d\u2019estar unit al perfil.<\/li>\n<\/ul>\n<\/div>\n<p>SALZE EDITORIAL realitza les actuacions seg\u00fcents:<\/p>\n<div class=\"pl-5 pr-5\">\n<ul>\n<li>Acc\u00e9s a la informaci\u00f3 p\u00fablica del perfil.<\/li>\n<li>Publicaci\u00f3 al perfil de l\u2019usuari de tota la informaci\u00f3 ja publicada a la p\u00e0gina de SALZE EDITORIAL.<\/li>\n<li>Enviar missatges personals i individuals a trav\u00e9s dels canals de la xarxa social.<\/li>\n<li>Actualitzacions de l\u2019estat de la p\u00e0gina que es publicaran al perfil de l\u2019usuari.<\/li>\n<\/ul>\n<\/div>\n<p>L\u2019usuari sempre pot controlar les seves connexions, eliminar els continguts que deixin d\u2019interessar-li i restringir amb qui comparteix les seves connexions. Per fer-ho, ha d\u2019accedir a la seva configuraci\u00f3 de privacitat.<\/p>\n<p><strong>Publicacions<\/strong><\/p>\n<p>L\u2019usuari, un cop s\u2019ha unit a la p\u00e0gina de SALZE EDITORIAL, hi pot publicar comentaris, enlla\u00e7os, imatges o fotografies o qualsevol altre tipus de contingut multim\u00e8dia compatible amb la xarxa social. L\u2019usuari, en tots els casos, n\u2019ha de ser el titular, ha de tenir els drets d\u2019autor i de propietat intel\u00b7lectual o ha de comptar amb el consentiment dels tercers afectats. Es prohibeix expressament qualsevol publicaci\u00f3 a la p\u00e0gina, ja siguin textos, gr\u00e0fics, fotografies, v\u00eddeos, etc., que atemptin o siguin susceptibles d\u2019atemptar contra la moral, l\u2019\u00e8tica, el bon gust o el decor, i\/o que infringeixin, violin o vulnerin els drets de propietat intel\u00b7lectual o industrial, el dret a la imatge o la llei. En aquests casos, SALZE EDITORIAL es reserva el dret a retirar immediatament el contingut i podr\u00e0 sol\u00b7licitar el bloqueig permanent de l\u2019usuari.<\/p>\n<p>SALZE EDITORIAL no es fa responsable dels continguts que lliurement ha publicat un usuari.<\/p>\n<p>L\u2019usuari ha de tenir present que les seves publicacions seran conegudes pels altres usuaris, per la qual cosa ell mateix \u00e9s el principal responsable de la seva privacitat.<\/p>\n<p>Les imatges que es publiquin a la p\u00e0gina no s\u2019emmagatzemen en cap fitxer per part de SALZE EDITORIAL, per\u00f2 s\u00ed que romanen a la xarxa social.<\/p>\n<p><strong>Concursos i promocions<\/strong><\/p>\n<p>SALZE EDITORIAL es reserva el dret a realitzar concursos i promocions, en qu\u00e8 pot participar l\u2019usuari que s\u2019ha unit a la seva p\u00e0gina. Si s\u2019utilitza la plataforma de la xarxa social per fer-los, les bases es publicaran a la xarxa social corresponent. Sempre de conformitat amb la LSSI-CE i amb qualsevol altra norma que li sigui d\u2019aplicaci\u00f3.<\/p>\n<p>La xarxa social no patrocina, avala ni administra de cap manera, ni est\u00e0 associada a cap de les nostres promocions.<\/p>\n<p><strong>Publicitat<\/strong><\/p>\n<p>SALZE EDITORIAL utilitza la xarxa social per donar publicitat als seus productes i serveis, en tot cas, si decideix tractar les vostres dades de contacte per realitzar accions directes de prospecci\u00f3 comercial, ser\u00e0 sempre de conformitat amb les exig\u00e8ncies legals de la LOPD i de la LSSI-CE.<\/p>\n<p>No es considera publicitat el fet de recomanar a altres usuaris la p\u00e0gina de SALZE EDITORIAL\u00a0perqu\u00e8 ells tamb\u00e9 puguin gaudir de les promocions o estar informats de la seva activitat.<\/p>\n<p>A continuaci\u00f3 detallem l\u2019enlla\u00e7 a la pol\u00edtica de privacitat de la xarxa social:<\/p>\n<div class=\"pl-5 pr-5\">\n<ul>\n<li>Twitter: <a href=\"https:\/\/twitter.com\/privacy\" target=\"_blank\" rel=\"noopener noreferrer\">https:\/\/twitter.com\/privacy<\/a><\/li>\n<li>Instagram: <a href=\"https:\/\/help.instagram.com\/155833707900388\" target=\"_blank\" rel=\"noopener noreferrer\">https:\/\/help.instagram.com\/155833707900388<\/a><\/li>\n<\/ul>\n<\/div>\n<\/div>\n\n\n\n\n\t\t\t<\/div> \n\t\t<\/div>\n\t<\/div> \n\n\t<div  class=\"vc_col-sm-2 wpb_column column_container vc_column_container col no-extra-padding inherit_tablet inherit_phone\"  data-padding-pos=\"all\" data-has-bg-color=\"false\" data-bg-color=\"\" data-bg-opacity=\"1\" data-animation=\"\" data-delay=\"0\" >\n\t\t<div class=\"vc_column-inner\" >\n\t\t\t<div class=\"wpb_wrapper\">\n\t\t\t\t\n\t\t\t<\/div> \n\t\t<\/div>\n\t<\/div> \n<\/div><\/div>","protected":false},"excerpt":{"rendered":"En compliment de la normativa vigent en mat\u00e8ria de protecci\u00f3 de dades de car\u00e0cter personal...","protected":false},"author":1,"featured_media":204,"parent":0,"menu_order":0,"comment_status":"closed","ping_status":"closed","template":"","meta":{"_joinchat":[],"footnotes":""},"class_list":["post-272","page","type-page","status-publish","has-post-thumbnail"],"yoast_head":"<!-- This site is optimized with the Yoast SEO plugin v27.6 - https:\/\/yoast.com\/product\/yoast-seo-wordpress\/ -->\n<title>Pol\u00edtica de privadesa - Xarxes socials : Salze Editorial<\/title>\n<meta name=\"robots\" content=\"index, follow, max-snippet:-1, max-image-preview:large, max-video-preview:-1\" \/>\n<link rel=\"canonical\" href=\"https:\/\/www.salze.cat\/en\/privacy-policy-xxss\/\" \/>\n<meta property=\"og:locale\" content=\"en_GB\" \/>\n<meta property=\"og:type\" content=\"article\" \/>\n<meta property=\"og:title\" content=\"Pol\u00edtica de privadesa - Xarxes socials : Salze Editorial\" \/>\n<meta property=\"og:url\" content=\"https:\/\/www.salze.cat\/en\/privacy-policy-xxss\/\" \/>\n<meta property=\"og:site_name\" content=\"Salze Editorial\" \/>\n<meta property=\"article:publisher\" content=\"https:\/\/www.facebook.com\/salzeeditorial\" \/>\n<meta property=\"article:modified_time\" content=\"2024-06-01T19:23:55+00:00\" \/>\n<meta property=\"og:image\" content=\"https:\/\/www.salze.cat\/wp-content\/uploads\/2020\/06\/salze_logo_gran.png\" \/>\n\t<meta property=\"og:image:width\" content=\"4000\" \/>\n\t<meta property=\"og:image:height\" content=\"4000\" \/>\n\t<meta property=\"og:image:type\" content=\"image\/png\" \/>\n<meta name=\"twitter:card\" content=\"summary_large_image\" \/>\n<meta name=\"twitter:site\" content=\"@SalzeEditorial\" \/>\n<meta name=\"twitter:label1\" content=\"Estimated reading time\" \/>\n\t<meta name=\"twitter:data1\" content=\"9 minutes\" \/>\n<script type=\"application\/ld+json\" class=\"yoast-schema-graph\">{\"@context\":\"https:\\\/\\\/schema.org\",\"@graph\":[{\"@type\":\"WebPage\",\"@id\":\"https:\\\/\\\/www.salze.cat\\\/privacy-policy-xxss\\\/\",\"url\":\"https:\\\/\\\/www.salze.cat\\\/privacy-policy-xxss\\\/\",\"name\":\"Pol\u00edtica de privadesa - Xarxes socials : Salze Editorial\",\"isPartOf\":{\"@id\":\"https:\\\/\\\/www.salze.cat\\\/#website\"},\"primaryImageOfPage\":{\"@id\":\"https:\\\/\\\/www.salze.cat\\\/privacy-policy-xxss\\\/#primaryimage\"},\"image\":{\"@id\":\"https:\\\/\\\/www.salze.cat\\\/privacy-policy-xxss\\\/#primaryimage\"},\"thumbnailUrl\":\"https:\\\/\\\/www.salze.cat\\\/wp-content\\\/uploads\\\/2020\\\/06\\\/salze_logo_gran.png\",\"datePublished\":\"2020-09-01T15:13:48+00:00\",\"dateModified\":\"2024-06-01T19:23:55+00:00\",\"breadcrumb\":{\"@id\":\"https:\\\/\\\/www.salze.cat\\\/privacy-policy-xxss\\\/#breadcrumb\"},\"inLanguage\":\"en-GB\",\"potentialAction\":[{\"@type\":\"ReadAction\",\"target\":[\"https:\\\/\\\/www.salze.cat\\\/privacy-policy-xxss\\\/\"]}]},{\"@type\":\"ImageObject\",\"inLanguage\":\"en-GB\",\"@id\":\"https:\\\/\\\/www.salze.cat\\\/privacy-policy-xxss\\\/#primaryimage\",\"url\":\"https:\\\/\\\/www.salze.cat\\\/wp-content\\\/uploads\\\/2020\\\/06\\\/salze_logo_gran.png\",\"contentUrl\":\"https:\\\/\\\/www.salze.cat\\\/wp-content\\\/uploads\\\/2020\\\/06\\\/salze_logo_gran.png\",\"width\":4000,\"height\":4000},{\"@type\":\"BreadcrumbList\",\"@id\":\"https:\\\/\\\/www.salze.cat\\\/privacy-policy-xxss\\\/#breadcrumb\",\"itemListElement\":[{\"@type\":\"ListItem\",\"position\":1,\"name\":\"Inici\",\"item\":\"https:\\\/\\\/www.salze.cat\\\/\"},{\"@type\":\"ListItem\",\"position\":2,\"name\":\"Pol\u00edtica de privadesa &#8211; Xarxes socials\"}]},{\"@type\":\"WebSite\",\"@id\":\"https:\\\/\\\/www.salze.cat\\\/#website\",\"url\":\"https:\\\/\\\/www.salze.cat\\\/\",\"name\":\"Salze Editorial\",\"description\":\"Segell de traducci\u00f3 de poesia al catal\u00e0\",\"publisher\":{\"@id\":\"https:\\\/\\\/www.salze.cat\\\/#organization\"},\"potentialAction\":[{\"@type\":\"SearchAction\",\"target\":{\"@type\":\"EntryPoint\",\"urlTemplate\":\"https:\\\/\\\/www.salze.cat\\\/?s={search_term_string}\"},\"query-input\":{\"@type\":\"PropertyValueSpecification\",\"valueRequired\":true,\"valueName\":\"search_term_string\"}}],\"inLanguage\":\"en-GB\"},{\"@type\":\"Organization\",\"@id\":\"https:\\\/\\\/www.salze.cat\\\/#organization\",\"name\":\"Salze Editorial\",\"url\":\"https:\\\/\\\/www.salze.cat\\\/\",\"logo\":{\"@type\":\"ImageObject\",\"inLanguage\":\"en-GB\",\"@id\":\"https:\\\/\\\/www.salze.cat\\\/#\\\/schema\\\/logo\\\/image\\\/\",\"url\":\"https:\\\/\\\/www.salze.cat\\\/wp-content\\\/uploads\\\/2021\\\/05\\\/Salze-Logo.png\",\"contentUrl\":\"https:\\\/\\\/www.salze.cat\\\/wp-content\\\/uploads\\\/2021\\\/05\\\/Salze-Logo.png\",\"width\":1600,\"height\":1600,\"caption\":\"Salze Editorial\"},\"image\":{\"@id\":\"https:\\\/\\\/www.salze.cat\\\/#\\\/schema\\\/logo\\\/image\\\/\"},\"sameAs\":[\"https:\\\/\\\/www.facebook.com\\\/salzeeditorial\",\"https:\\\/\\\/x.com\\\/SalzeEditorial\",\"https:\\\/\\\/www.instagram.com\\\/salzeeditorial\\\/\"]}]}<\/script>\n<!-- \/ Yoast SEO plugin. -->","yoast_head_json":{"title":"Pol\u00edtica de privadesa - Xarxes socials : Salze Editorial","robots":{"index":"index","follow":"follow","max-snippet":"max-snippet:-1","max-image-preview":"max-image-preview:large","max-video-preview":"max-video-preview:-1"},"canonical":"https:\/\/www.salze.cat\/en\/privacy-policy-xxss\/","og_locale":"en_GB","og_type":"article","og_title":"Pol\u00edtica de privadesa - Xarxes socials : Salze Editorial","og_url":"https:\/\/www.salze.cat\/en\/privacy-policy-xxss\/","og_site_name":"Salze Editorial","article_publisher":"https:\/\/www.facebook.com\/salzeeditorial","article_modified_time":"2024-06-01T19:23:55+00:00","og_image":[{"width":4000,"height":4000,"url":"https:\/\/www.salze.cat\/wp-content\/uploads\/2020\/06\/salze_logo_gran.png","type":"image\/png"}],"twitter_card":"summary_large_image","twitter_site":"@SalzeEditorial","twitter_misc":{"Estimated reading time":"9 minutes"},"schema":{"@context":"https:\/\/schema.org","@graph":[{"@type":"WebPage","@id":"https:\/\/www.salze.cat\/privacy-policy-xxss\/","url":"https:\/\/www.salze.cat\/privacy-policy-xxss\/","name":"Pol\u00edtica de privadesa - Xarxes socials : Salze Editorial","isPartOf":{"@id":"https:\/\/www.salze.cat\/#website"},"primaryImageOfPage":{"@id":"https:\/\/www.salze.cat\/privacy-policy-xxss\/#primaryimage"},"image":{"@id":"https:\/\/www.salze.cat\/privacy-policy-xxss\/#primaryimage"},"thumbnailUrl":"https:\/\/www.salze.cat\/wp-content\/uploads\/2020\/06\/salze_logo_gran.png","datePublished":"2020-09-01T15:13:48+00:00","dateModified":"2024-06-01T19:23:55+00:00","breadcrumb":{"@id":"https:\/\/www.salze.cat\/privacy-policy-xxss\/#breadcrumb"},"inLanguage":"en-GB","potentialAction":[{"@type":"ReadAction","target":["https:\/\/www.salze.cat\/privacy-policy-xxss\/"]}]},{"@type":"ImageObject","inLanguage":"en-GB","@id":"https:\/\/www.salze.cat\/privacy-policy-xxss\/#primaryimage","url":"https:\/\/www.salze.cat\/wp-content\/uploads\/2020\/06\/salze_logo_gran.png","contentUrl":"https:\/\/www.salze.cat\/wp-content\/uploads\/2020\/06\/salze_logo_gran.png","width":4000,"height":4000},{"@type":"BreadcrumbList","@id":"https:\/\/www.salze.cat\/privacy-policy-xxss\/#breadcrumb","itemListElement":[{"@type":"ListItem","position":1,"name":"Inici","item":"https:\/\/www.salze.cat\/"},{"@type":"ListItem","position":2,"name":"Pol\u00edtica de privadesa &#8211; Xarxes socials"}]},{"@type":"WebSite","@id":"https:\/\/www.salze.cat\/#website","url":"https:\/\/www.salze.cat\/","name":"Salze Editorial","description":"Segell de traducci\u00f3 de poesia al catal\u00e0","publisher":{"@id":"https:\/\/www.salze.cat\/#organization"},"potentialAction":[{"@type":"SearchAction","target":{"@type":"EntryPoint","urlTemplate":"https:\/\/www.salze.cat\/?s={search_term_string}"},"query-input":{"@type":"PropertyValueSpecification","valueRequired":true,"valueName":"search_term_string"}}],"inLanguage":"en-GB"},{"@type":"Organization","@id":"https:\/\/www.salze.cat\/#organization","name":"Salze Editorial","url":"https:\/\/www.salze.cat\/","logo":{"@type":"ImageObject","inLanguage":"en-GB","@id":"https:\/\/www.salze.cat\/#\/schema\/logo\/image\/","url":"https:\/\/www.salze.cat\/wp-content\/uploads\/2021\/05\/Salze-Logo.png","contentUrl":"https:\/\/www.salze.cat\/wp-content\/uploads\/2021\/05\/Salze-Logo.png","width":1600,"height":1600,"caption":"Salze Editorial"},"image":{"@id":"https:\/\/www.salze.cat\/#\/schema\/logo\/image\/"},"sameAs":["https:\/\/www.facebook.com\/salzeeditorial","https:\/\/x.com\/SalzeEditorial","https:\/\/www.instagram.com\/salzeeditorial\/"]}]}},"jetpack_sharing_enabled":true,"_links":{"self":[{"href":"https:\/\/www.salze.cat\/en\/wp-json\/wp\/v2\/pages\/272","targetHints":{"allow":["GET"]}}],"collection":[{"href":"https:\/\/www.salze.cat\/en\/wp-json\/wp\/v2\/pages"}],"about":[{"href":"https:\/\/www.salze.cat\/en\/wp-json\/wp\/v2\/types\/page"}],"author":[{"embeddable":true,"href":"https:\/\/www.salze.cat\/en\/wp-json\/wp\/v2\/users\/1"}],"replies":[{"embeddable":true,"href":"https:\/\/www.salze.cat\/en\/wp-json\/wp\/v2\/comments?post=272"}],"version-history":[{"count":0,"href":"https:\/\/www.salze.cat\/en\/wp-json\/wp\/v2\/pages\/272\/revisions"}],"wp:featuredmedia":[{"embeddable":true,"href":"https:\/\/www.salze.cat\/en\/wp-json\/wp\/v2\/media\/204"}],"wp:attachment":[{"href":"https:\/\/www.salze.cat\/en\/wp-json\/wp\/v2\/media?parent=272"}],"curies":[{"name":"wp","href":"https:\/\/api.w.org\/{rel}","templated":true}]}}